{"id":93,"date":"2016-03-30T10:01:41","date_gmt":"2016-03-30T10:01:41","guid":{"rendered":"http:\/\/www.pts.org.pl\/?page_id=93"},"modified":"2025-11-13T09:22:03","modified_gmt":"2025-11-13T09:22:03","slug":"sekcja-socjologii-jakosciowej-i-si","status":"publish","type":"page","link":"https:\/\/pts.org.pl\/en\/sekcje\/sekcja-socjologii-jakosciowej-i-si\/","title":{"rendered":"Section of Qualitative Sociology and Symbolic Interactionism"},"content":{"rendered":"<div class=\"fcbkbttn_buttons_block\" id=\"fcbkbttn_left\"><div class=\"fcbkbttn_button\">\n                            <a href=\"https:\/\/www.facebook.com\/\" target=\"_blank\">\n                                <img src=\"https:\/\/pts.org.pl\/wp-content\/plugins\/facebook-button-plugin\/images\/standard-facebook-ico.png\" alt=\"Fb-Button\" \/>\n                            <\/a>\n                        <\/div><div class=\"fcbkbttn_like \"><fb:like href=\"https:\/\/pts.org.pl\/en\/sekcje\/sekcja-socjologii-jakosciowej-i-si\/\" action=\"like\" colorscheme=\"light\" layout=\"button_count\"  size=\"small\"><\/fb:like><\/div><\/div><p><\/p>\n<p style=\"margin: 0cm; margin-bottom: .0001pt;\">The Board of the Section:<\/p>\n<p style=\"margin: 0cm; margin-bottom: .0001pt;\">(election in January 2022)<\/p>\n<ol>\n<li>Anna Kacperczyk \u2013 chair<\/li>\n<li>Marek Gorzko \u2013 vice\u2013chair<\/li>\n<li>Izabela Bukalska \u2013 secretary<\/li>\n<li>Ma\u0142gorzata Bie\u0144kowska \u2013 board member<\/li>\n<li>Waldemar Dymarczyk \u2013 board member<\/li>\n<li>Bogna Kietli\u0144ska \u2013 board member<\/li>\n<li>Krzysztof Konecki \u2013 board member<\/li>\n<li>Dominik Porczy\u0144ski \u2013 board member<\/li>\n<li>Izabela \u015al\u0119zak \u2013 board member<\/li>\n<li>Dagmara Tarasiuk \u2013 board member<\/li>\n<\/ol>\n<p style=\"margin: 0cm; margin-bottom: .0001pt;\">Mail address: dr hab. Anna Kacperczyk,<\/p>\n<p style=\"margin: 0cm; margin-bottom: .0001pt;\">Institute of Sociology |\u00a0Tel. +48 635 53 49<\/p>\n<p style=\"margin: 0cm; margin-bottom: .0001pt;\">University of Lodz, Poland<\/p>\n<p style=\"margin: 0cm; margin-bottom: .0001pt;\">90-214 \u0141\u00f3d\u017a ul. Rewolucji 1905r. 41\/43,<\/p>\n<p style=\"margin: 0cm; margin-bottom: .0001pt;\">e-mail: <a href=\"mailto:anna.kacperczyk@gmail.com\" target=\"_blank\" rel=\"noopener noreferrer\"><span style=\"color: #337ab7;\">anna.kacperczyk@gmail.com<\/span><\/a><\/p>\n<p style=\"margin: 0cm; margin-bottom: .0001pt;\">Information about a section:\u00a0<a href=\"http:\/\/www.qualitativesociologyreview.org\/PL\/sekcja.php\">www.qualitativesociologyreview.org\/PL\/sekcja.php<\/a><\/p>\n<p style=\"margin: 0cm; margin-bottom: .0001pt;\">The section is active in the propagation of qualitative research methods in social sciences. The main theoretical inspiration for the section is symbolic interactionism and qualitative sociology. The Section collaborates with European Society for the Study of Symbolic Interactionism and cooperates in organizing cyclical events and conferences: Conferences of EUSSSI (in Europe), Transdisciplinary Symposium of Qualitative Research (in Poland), and other conferences on qualitative methods and qualitative sociology in general.<\/p>\n<p style=\"margin: 0cm; margin-bottom: .0001pt;\">The Section prepares also publications on the topic. In 2012 its members published \u201cThe Dictionary of Qualitative Sociology\u201d.\u00a0The section actively cooperates with\u00a0the journal \u201c<a href=\"http:\/\/www.qualitativesociologyreview.org\/ENG\/index_eng.php\">Qualitative Sociology Review<\/a>\u201d .<\/p>\n<p style=\"margin: 0cm; margin-bottom: .0001pt;\">From 2018 the Section announces the annual competition under the name of Anselm L. Strauss on the best symbolic interactionist publication.<\/p>\n<p style=\"margin: 0cm; margin-bottom: .0001pt;\">The section has more than 190 members.<\/p>\n<hr \/>\n<p><strong>Conference\u00a0on Symbolic Interaction in Lancaster<\/strong><\/p>\n<p>On 4, 5 and 6 July 2018 the annual SSSI meeting will be held in Lancaster at the Lancaster University (UK). The meeting will be a combined effort of the Society for the Study of Symbolic Interaction (SSSI) and European SSSI. The title of the conference is \u2018Whose side are we on?\u2019 Power, Stigma, Transgression and Exclusion in Everyday Life. So far, we have three confirmed keynote speakers: Kathy Charmaz, Ken Plummer and Staci Newmahr,. Kathy Charmaz will also give a two-day workshop on Grounded Theory on the Monday and Tuesday before the conference. For more information and registration, see our website:\u00a0<a href=\"https:\/\/l.facebook.com\/l.php?u=http%3A%2F%2Fwp.lancs.ac.uk%2Fsssi2018%2F&amp;h=ATMShGz4BMj6x8ZbAfvg_Sw2oy40Pi29xZNWSAdSa5hXoXmCQS2E4M1RlOfbXY5ObIK9PVes0bPh0UUf4ytE_9mmNh8OdKR5m7LfTZlMOLX914fd8uOAuC3LDGPQtVaV0Rf0I4A\">http:\/\/wp.lancs.ac.uk\/sssi2018\/<\/a>.<\/p>","protected":false},"excerpt":{"rendered":"<p>The Board of the Section: (election in January 2022) Anna Kacperczyk \u2013 chair Marek Gorzko \u2013 vice\u2013chair Izabela Bukalska \u2013 secretary Ma\u0142gorzata Bie\u0144kowska \u2013 board member Waldemar Dymarczyk \u2013 board member Bogna Kietli\u0144ska \u2013 board member Krzysztof Konecki \u2013 board member Dominik Porczy\u0144ski \u2013 board member Izabela \u015al\u0119zak \u2013 board member Dagmara Tarasiuk \u2013 board [&hellip;]<\/p>\n","protected":false},"author":7,"featured_media":99,"parent":15,"menu_order":0,"comment_status":"closed","ping_status":"closed","template":"page-ssj.php","meta":[],"_links":{"self":[{"href":"https:\/\/pts.org.pl\/en\/wp-json\/wp\/v2\/pages\/93"}],"collection":[{"href":"https:\/\/pts.org.pl\/en\/wp-json\/wp\/v2\/pages"}],"about":[{"href":"https:\/\/pts.org.pl\/en\/wp-json\/wp\/v2\/types\/page"}],"author":[{"embeddable":true,"href":"https:\/\/pts.org.pl\/en\/wp-json\/wp\/v2\/users\/7"}],"replies":[{"embeddable":true,"href":"https:\/\/pts.org.pl\/en\/wp-json\/wp\/v2\/comments?post=93"}],"version-history":[{"count":77,"href":"https:\/\/pts.org.pl\/en\/wp-json\/wp\/v2\/pages\/93\/revisions"}],"predecessor-version":[{"id":7839,"href":"https:\/\/pts.org.pl\/en\/wp-json\/wp\/v2\/pages\/93\/revisions\/7839"}],"up":[{"embeddable":true,"href":"https:\/\/pts.org.pl\/en\/wp-json\/wp\/v2\/pages\/15"}],"wp:featuredmedia":[{"embeddable":true,"href":"https:\/\/pts.org.pl\/en\/wp-json\/wp\/v2\/media\/99"}],"wp:attachment":[{"href":"https:\/\/pts.org.pl\/en\/wp-json\/wp\/v2\/media?parent=93"}],"curies":[{"name":"wp","href":"https:\/\/api.w.org\/{rel}","templated":true}]}}