{"id":6991,"date":"2024-02-18T18:27:17","date_gmt":"2024-02-18T18:27:17","guid":{"rendered":"https:\/\/pts.org.pl\/?page_id=6991"},"modified":"2026-02-12T11:07:40","modified_gmt":"2026-02-12T11:07:40","slug":"regulamin-nagrody-im-elzbiety-tarkowskiej","status":"publish","type":"page","link":"https:\/\/pts.org.pl\/en\/nagrody\/regulamin-nagrody-im-elzbiety-tarkowskiej\/","title":{"rendered":"Regulamin nagrody im El\u017cbiety Tarkowskiej"},"content":{"rendered":"<div class=\"fcbkbttn_buttons_block\" id=\"fcbkbttn_left\"><div class=\"fcbkbttn_button\">\n                            <a href=\"https:\/\/www.facebook.com\/\" target=\"_blank\">\n                                <img src=\"https:\/\/pts.org.pl\/wp-content\/plugins\/facebook-button-plugin\/images\/standard-facebook-ico.png\" alt=\"Fb-Button\" \/>\n                            <\/a>\n                        <\/div><div class=\"fcbkbttn_like \"><fb:like href=\"https:\/\/pts.org.pl\/en\/nagrody\/regulamin-nagrody-im-elzbiety-tarkowskiej\/\" action=\"like\" colorscheme=\"light\" layout=\"button_count\"  size=\"small\"><\/fb:like><\/div><\/div>\n<p><strong>Regulamin Konkursu o nagrod\u0119 im. Profesor El\u017cbiety Tarkowskiej &#8211; Edycja I<\/strong><strong>X<\/strong><\/p>\n\n\n\n<p>\u00a7 1<\/p>\n\n\n\n<p>1. Niniejszy regulamin, zwany dalej \u201eRegulaminem\u201d, okre\u015bla zasady organizacji i warunki udzia\u0142u w IX edycji konkursu o nagrod\u0119 im. Profesor El\u017cbiety Tarkowskiej, zwanego dalej \u201eKonkursem\u201d, organizowanego na podstawie Porozumienia zawartego w dniu 30.05. 2025 r. w Warszawie pomi\u0119dzy Polskim Towarzystwem Socjologicznym, Instytutem Filozofii i Socjologii Akademii Pedagogiki Specjalnej im. Marii Grzegorzewskiej, Instytutem Studi\u00f3w Politycznych Polskiej Akademii Nauk wydawc\u0105 Kwartalnika \u201eKultura i Spo\u0142ecze\u0144stwo\u201d, zwanymi dalej \u201eOrganizatorami konkursu\u201d.<\/p>\n\n\n\n<p>2. Celem Konkursu jest pog\u0142\u0119bianie wiedzy o naturze ub\u00f3stwa i wykluczenia spo\u0142ecznego oraz inspirowanie i promowanie nowych form i metod przezwyci\u0119\u017cania tych zjawisk w Polsce i na \u015bwiecie przez promowanie wybitnych osi\u0105gni\u0119\u0107 Profesor El\u017cbiety Tarkowskiej i popularyzacj\u0119 Jej szczeg\u00f3lnego rodzaju spojrzenia na te problemy spo\u0142eczne.<\/p>\n\n\n\n<p>\u00a7 2<\/p>\n\n\n\n<p>IX Edycja Konkursu organizowana jest przez trzy instytucje: Polskie Towarzystwo Socjologiczne, Instytut Filozofii i Socjologii Akademii Pedagogiki Specjalnej im. Marii Grzegorzewskiej, Instytut Studi\u00f3w Politycznych Polskiej Akademii Nauk &#8211; wydawc\u0119 Kwartalnika \u201eKultura i Spo\u0142ecze\u0144stwo\u201d.<\/p>\n\n\n\n<p>\u00a7 3<\/p>\n\n\n\n<p>1. Nagrody w IX edycji s\u0105 &nbsp;przyznawane w dw\u00f3ch kategoriach:<\/p>\n\n\n\n<p>1.1. recenzowana <em>autorska (wsp\u00f3\u0142autorska) <\/em><em>monografia <\/em><em>naukowa <\/em>z zakresu nauk spo\u0142ecznych i&nbsp; humanistycznych o problemach ub\u00f3stwa lub wykluczenia spo\u0142ecznego, opublikowana w roku poprzedzaj\u0105cym przyznanie Nagrody lub rok wcze\u015bniej. &nbsp;&nbsp;&nbsp;&nbsp;&nbsp;<\/p>\n\n\n\n<p>1.2. recenzowany artyku\u0142 w czasopi\u015bmie naukowym albo rozdzia\u0142 w recenzowanej monografii zbiorowej z zakresu nauk spo\u0142ecznych i humanistycznych o problemach ub\u00f3stwa lub wykluczenia spo\u0142ecznego, opublikowany w roku poprzedzaj\u0105cym przyznanie Nagrody lub rok wcze\u015bniej.<\/p>\n\n\n\n<p>2. W ka\u017cdej kategorii przyznaje si\u0119 jedn\u0105 nagrod\u0119.<\/p>\n\n\n\n<p>3. Nagroda ma charakter pieni\u0119\u017cny i wynosi: za monografi\u0119 naukow\u0105 4 000 z\u0142 (s\u0142ownie: cztery tysi\u0105ce z\u0142) i 1000 z\u0142 (s\u0142ownie: jeden tysi\u0105c z\u0142otych) za artyku\u0142 naukowy. Nagrody finansowane s\u0105 solidarnie przez Polskie Towarzystwo Socjologiczne, Instytut Filozofii i Socjologii Akademii Pedagogiki Specjalnej im. Marii Grzegorzewskiej, Instytut Studi\u00f3w Politycznych Polskiej Akademii Nauk &#8211; wydawc\u0119 Kwartalnika \u201eKultura i Spo\u0142ecze\u0144stwo\u201d oraz przez dra Aleksandra Tarkowskiego.<\/p>\n\n\n\n<p>4. W przypadku nagrodzenia pracy wsp\u00f3\u0142autorskiej nagroda nie ulega zwielokrotnieniu.<\/p>\n\n\n\n<p>5. W Konkursie mog\u0105 bra\u0107 udzia\u0142 tylko osoby fizyczne.<\/p>\n\n\n\n<p>6.&nbsp; Prace na Konkurs IX Edycji mog\u0105 by\u0107 zg\u0142aszane przez autor\u00f3w, instytucje naukowe lub towarzystwa naukowe.<\/p>\n\n\n\n<p>7. Podmioty finansuj\u0105ce nagrody przyznaj\u0105 zwyci\u0119zcom konkursu dodatkowe nagrody w formie pieni\u0119\u017cnej w wysoko\u015bci odpowiadaj\u0105cej kwocie zaliczki na podatek dochodowy od os\u00f3b fizycznych z tytu\u0142u wygranej w Konkursie, liczonej od ubruttowionej o nale\u017cny podatek dochodowy warto\u015bci nagrody pieni\u0119\u017cnej. Kwota ta nie podlega wyp\u0142acie na rzecz uczestnika, lecz przeznaczona jest na zap\u0142at\u0119 zaliczki na podatek dochodowy zgodnie z przepisami ustawy z dnia 26 lipca 1991 r. o podatku dochodowym od os\u00f3b fizycznych (Dz. U. z 2020 r. poz. 1426, z p\u00f3\u017an.zm.).<\/p>\n\n\n\n<p>\u00a7 4<\/p>\n\n\n\n<p>1. Og\u0142oszenie o Konkursie wraz z tre\u015bci\u0105 Regulaminu Konkursu i za\u0142\u0105cznikami jest publikowane do dnia 2 czerwca 2025 r. na stronie internetowej Polskiego Towarzystwa Socjologicznego, na stronie internetowej Akademii Pedagogiki Specjalnej im. Marii Grzegorzewskiej oraz na stronie internetowej Kwartalnika \u201eKultura i Spo\u0142ecze\u0144stwo\u201d.<\/p>\n\n\n\n<p>2. Procedura konkursowa rozpoczyna si\u0119 z chwil\u0105 umieszczenia og\u0142oszenia o Konkursie wraz z Regulaminem Konkursu na stronie internetowej Polskiego Towarzystwa Socjologicznego, na stronie internetowej Akademii Pedagogiki Specjalnej im. Marii Grzegorzewskiej oraz na stronie internetowej Kwartalnika \u201eKultura i Spo\u0142ecze\u0144stwo\u201d.<\/p>\n\n\n\n<p>3. Organizatorzy i Partnerzy Konkursu mog\u0105 rozpowszechnia\u0107 informacje o Konkursie, kt\u00f3re mog\u0105 by\u0107 publikowane w prasie, radiu, telewizji lub w Internecie.<\/p>\n\n\n\n<p>\u00a7 5<\/p>\n\n\n\n<p>Prace na Konkurs IX Edycji wraz ze skanem podpisanego odpowiedniego formularza zg\u0142oszeniowego stanowi\u0105cego za\u0142\u0105cznik nr 1 albo nr 2 do niniejszego Regulaminu, nale\u017cy przes\u0142a\u0107 do Biura Polskiego Towarzystwa Socjologicznego, b\u0119d\u0105cego podmiotem realizuj\u0105cym procedur\u0119 konkursow\u0105, na adres e-mail: konkurstarkowskiej@pts.org.pl. do dnia 22 wrze\u015bnia 2025 r. do godz. 23:59:59.<\/p>\n\n\n\n<p>\u00a7 6<\/p>\n\n\n\n<p>1. Prace konkursowe nale\u017cy przes\u0142a\u0107 w postaci elektronicznej w formacie PDF (Portable Document Format).<\/p>\n\n\n\n<p>2. Zg\u0142aszaj\u0105cy prac\u0119 podaje informacj\u0119 o wszystkich osobach, kt\u00f3rym przys\u0142uguj\u0105 prawa autorskie i prawa pokrewne do pracy konkursowej wraz z o\u015bwiadczeniami tych os\u00f3b o ich zgodzie na udzia\u0142 w Konkursie na zasadach okre\u015blonych w Regulaminie, oraz o\u015bwiadczenie autora, i\u017c przedstawiana praca konkursowa jest wolna od wad prawnych i nie narusza praw os\u00f3b trzecich i ich d\u00f3br osobistych.<\/p>\n\n\n\n<p>3. Przyst\u0105pienie do Konkursu jest r\u00f3wnoznaczne z o\u015bwiadczeniem, \u017ce praca zg\u0142oszona do Konkursu jest wynikiem tw\u00f3rczo\u015bci osoby lub os\u00f3b bior\u0105cych udzia\u0142 w Konkursie (utw\u00f3r) i \u017ce prawa autorskie do utworu nie s\u0105 niczym ograniczone.<\/p>\n\n\n\n<p>\u00a7 7<\/p>\n\n\n\n<p>Organizatorzy nie odsy\u0142aj\u0105 prac bior\u0105cych udzia\u0142 w Konkursie.<\/p>\n\n\n\n<p>\u00a7 8<\/p>\n\n\n\n<p>1. Praca nagrodzona w Konkursie zostanie wy\u0142oniona przez Kapitu\u0142\u0119 Konkursu z\u0142o\u017con\u0105 z przedstawicieli oddelegowanych przez Organizator\u00f3w do IX Edycji Konkursu.<\/p>\n\n\n\n<p>2. Ka\u017cdy Organizator IX Edycji Konkursu deleguje jedn\u0105 osob\u0119 do prac w Kapitule Konkursu do dnia 15 maja 2025 roku.<\/p>\n\n\n\n<p>3. W sk\u0142ad Kapitu\u0142y Konkursu wchodz\u0105 opr\u00f3cz os\u00f3b reprezentuj\u0105cych Organizator\u00f3w IX Edycji tak\u017ce syn Profesor El\u017cbiety Tarkowskiej dr Aleksander Tarkowski oraz przedstawiciel Instytutu Socjologii Uniwersytetu \u0141\u00f3dzkiego &#8211; jednostki specjalizuj\u0105cej si\u0119 w badaniu problematyki ub\u00f3stwa i wykluczenia spo\u0142ecznego &#8211; zwani Partnerami Konkursu.<\/p>\n\n\n\n<p>4. Kapitu\u0142a Konkursu mo\u017ce powo\u0142ywa\u0107 do udzia\u0142u w jej pracach ekspert\u00f3w.<\/p>\n\n\n\n<p>&nbsp;5. Przewodnicz\u0105cym Kapitu\u0142y IX Edycji Konkursu jest jej cz\u0142onek delegowany przez Polskie &nbsp;Towarzystwo Socjologiczne.<\/p>\n\n\n\n<p>6. Polskie Towarzystwo Socjologiczne koordynuje prace Kapitu\u0142y Konkursu oraz prowadzi sekretariat Konkursu w szczeg\u00f3lno\u015bci: prowadzi dzia\u0142ania zwi\u0105zane z organizacj\u0105 Konkursu, obs\u0142uguje posiedzenia Kapitu\u0142y Konkursu, archiwizuje dokumenty dot. Konkursu i upowszechnia informacje o Konkursie.<\/p>\n\n\n\n<p>7. Za udzia\u0142 w pracach Kapitu\u0142y IX Edycji Konkursu jej cz\u0142onkom oraz powo\u0142anym ekspertom nie przys\u0142uguje wynagrodzenie ani zwrot koszt\u00f3w podr\u00f3\u017cy.<\/p>\n\n\n\n<p>\u00a7 9<\/p>\n\n\n\n<p>1. Nagrodzone prace powinny wyr\u00f3\u017cnia\u0107 si\u0119 wysokim poziomem merytorycznym, a jednocze\u015bnie \u201ewsp\u00f3\u0142czynnikiem humanistycznym\u201d zgodnie z podej\u015bciem wy\u0142o\u017conym w pracy \u201eZrozumie\u0107 biednego. O dawnej i obecnej biedzie w Polsce\u201d pod red. El\u017cbiety Tarkowskiej, Warszawa 2000.<\/p>\n\n\n\n<p>2. W Konkursie nagrodzone b\u0119d\u0105 prace opublikowane maj\u0105c szczeg\u00f3lne znaczenie dla kszta\u0142towania debaty publicznej w Polsce dotycz\u0105ca problematyki ub\u00f3stwa i\/lub wykluczenia spo\u0142ecznego.<\/p>\n\n\n\n<p>3. Organizatorzy zastrzegaj\u0105 sobie prawo zako\u0144czenia IX Edycji Konkursu bez przyznania nagrody w ka\u017cdej z kategorii.&nbsp;&nbsp;&nbsp;&nbsp; &nbsp;<\/p>\n\n\n\n<p>\u00a7 10<\/p>\n\n\n\n<p>Wr\u0119czenie Nagr\u00f3d odb\u0119dzie si\u0119 w czasie obchod\u00f3w Mi\u0119dzynarodowego Dnia Walki z Ub\u00f3stwem i Wykluczeniem Spo\u0142ecznym podczas sesji popularno-naukowej.<\/p>\n\n\n\n<p>1. Werdykt Kapitu\u0142y Konkursu wraz z uzasadnieniem odczytuje jej Przewodnicz\u0105cy. W szczeg\u00f3lnej sytuacji Przewodnicz\u0105cy mo\u017ce powierzy\u0107 to zadanie innemu cz\u0142onkowi Kapitu\u0142y.<\/p>\n\n\n\n<p>2. Nagrody wr\u0119cza Przewodnicz\u0105cy Polskiego Towarzystwa Socjologicznego.<\/p>\n\n\n\n<p>\u00a7 11<\/p>\n\n\n\n<p>1. Dane osobowe s\u0105 przetwarzane zgodnie z przepisami rozporz\u0105dzenia Parlamentu Europejskiego i Rady (UE) 2016\/679 z dnia 27 kwietnia 2016 r. w sprawie ochrony os\u00f3b fizycznych w zwi\u0105zku z przetwarzaniem danych osobowych i w sprawie swobodnego przep\u0142ywu takich danych oraz uchylenia dyrektywy 95\/46\/WE (og\u00f3lne rozporz\u0105dzenie o ochronie danych) (Dz. Urz. UE L 119 z 04.05.2016, str. 1) i ustawy z dnia 10 maja 2018 r. o ochronie danych osobowych (Dz. U. z 2019 r. poz. 1781).<\/p>\n\n\n\n<p>2. Dane osobowe przetwarzane s\u0105 w celu przeprowadzenia IX edycji Konkursu.<\/p>\n\n\n\n<p>3. Administratorem danych osobowych w toku przeprowadzanego konkursu jest Polskie Towarzystwo Socjologiczne z siedzib\u0105 w Warszawie przy ul. Nowy \u015awiat 72, pok. 212.<\/p>\n\n\n\n<p>4. Szczeg\u00f3\u0142owe informacje dotycz\u0105ce przetwarzania danych uczestnik\u00f3w konkursu i laureat\u00f3w uj\u0119te s\u0105 w klauzulach informacyjnych, kt\u00f3re s\u0105 za\u0142\u0105cznikami do Regulaminu: za\u0142\u0105cznik nr 1, kt\u00f3ry wype\u0142nia autor zg\u0142aszanego dzie\u0142a w Konkursie i za\u0142\u0105cznik nr 2 do niniejszego regulaminu, kt\u00f3ry wype\u0142nia osoba zg\u0142aszaj\u0105ca autora do Konkursu.<\/p>\n\n\n\n<p>5. Osoba dokonuj\u0105ca zg\u0142oszenia do Konkursu autora i autor bior\u0105cy udzia\u0142 w Konkursie wyra\u017caj\u0105 zgod\u0119 na przetwarzanie danych osobowych podpisuj\u0105c o\u015bwiadczenie znajduj\u0105ce si\u0119 w za\u0142\u0105czniku nr 1 albo 2 do niniejszego Regulaminu. Podanie danych osobowych jest dobrowolne, jednak\u017ce ich brak uniemo\u017cliwi uczestnictwo w Konkursie lub odebranie nagrody przez Uczestnika. Uczestnik ma prawo do wycofania zgody w dowolnym momencie, przy czym cofni\u0119cie zgody nie ma wp\u0142ywu na zgodno\u015b\u0107 przetwarzania, kt\u00f3rego dokonano na podstawie zgody przed jej cofni\u0119ciem.<\/p>\n\n\n\n<p>\u00a7 12<\/p>\n\n\n\n<p>Konkurs nie podlega przepisom ustawy z dnia 19 listopada 2009 r. o grach hazardowych (Dz. U. z 2020 r. poz. 2094, z p\u00f3\u017an. zm.).<\/p>\n\n\n\n<p>\u00a7 13<\/p>\n\n\n\n<p>Zmiany niniejszego Regulaminu wymagaj\u0105 formy pisemnej pod rygorem niewa\u017cno\u015bci.<\/p>\n\n\n\n<div class=\"wp-block-file\"><a href=\"https:\/\/pts.org.pl\/wp-content\/uploads\/2025\/06\/Regulamin-Konkursu-o-nagrode-im_Tarkowskiej-2025_30_05_2025-1.docx\">Regulamin-Konkursu-o-nagrode-im_Tarkowskiej-2025_30_05_2025-1<\/a><a href=\"https:\/\/pts.org.pl\/wp-content\/uploads\/2025\/06\/Regulamin-Konkursu-o-nagrode-im_Tarkowskiej-2025_30_05_2025-1.docx\" class=\"wp-block-file__button\" download>Pobierz<\/a><\/div>\n\n\n\n<div class=\"wp-block-file\"><a href=\"https:\/\/pts.org.pl\/wp-content\/uploads\/2025\/06\/zal_1_do_regulaminu_IX-edycja_2025_30.05.2025-1.docx\">zal_1_do_regulaminu_IX-edycja_2025_30.05.2025-1<\/a><a href=\"https:\/\/pts.org.pl\/wp-content\/uploads\/2025\/06\/zal_1_do_regulaminu_IX-edycja_2025_30.05.2025-1.docx\" class=\"wp-block-file__button\" download>Pobierz<\/a><\/div>\n\n\n\n<div class=\"wp-block-file\"><a href=\"https:\/\/pts.org.pl\/wp-content\/uploads\/2025\/06\/zal_2_do_regulaminu_IX-edycja_2025_30.05.2025-1.docx\">zal_2_do_regulaminu_IX-edycja_2025_30.05.2025-1<\/a><a href=\"https:\/\/pts.org.pl\/wp-content\/uploads\/2025\/06\/zal_2_do_regulaminu_IX-edycja_2025_30.05.2025-1.docx\" class=\"wp-block-file__button\" download>Pobierz<\/a><\/div>\n\n\n\n<p><\/p>\n","protected":false},"excerpt":{"rendered":"<p>Regulamin Konkursu o nagrod\u0119 im. Profesor El\u017cbiety Tarkowskiej &#8211; Edycja IX \u00a7 1 1. Niniejszy regulamin, zwany dalej \u201eRegulaminem\u201d, okre\u015bla zasady organizacji i warunki udzia\u0142u w IX edycji konkursu o nagrod\u0119 im. Profesor El\u017cbiety Tarkowskiej, zwanego dalej \u201eKonkursem\u201d, organizowanego na podstawie Porozumienia zawartego w dniu 30.05. 2025 r. w Warszawie pomi\u0119dzy Polskim Towarzystwem Socjologicznym, Instytutem [&hellip;]<\/p>\n","protected":false},"author":111265,"featured_media":0,"parent":462,"menu_order":0,"comment_status":"closed","ping_status":"closed","template":"","meta":[],"_links":{"self":[{"href":"https:\/\/pts.org.pl\/en\/wp-json\/wp\/v2\/pages\/6991"}],"collection":[{"href":"https:\/\/pts.org.pl\/en\/wp-json\/wp\/v2\/pages"}],"about":[{"href":"https:\/\/pts.org.pl\/en\/wp-json\/wp\/v2\/types\/page"}],"author":[{"embeddable":true,"href":"https:\/\/pts.org.pl\/en\/wp-json\/wp\/v2\/users\/111265"}],"replies":[{"embeddable":true,"href":"https:\/\/pts.org.pl\/en\/wp-json\/wp\/v2\/comments?post=6991"}],"version-history":[{"count":5,"href":"https:\/\/pts.org.pl\/en\/wp-json\/wp\/v2\/pages\/6991\/revisions"}],"predecessor-version":[{"id":7931,"href":"https:\/\/pts.org.pl\/en\/wp-json\/wp\/v2\/pages\/6991\/revisions\/7931"}],"up":[{"embeddable":true,"href":"https:\/\/pts.org.pl\/en\/wp-json\/wp\/v2\/pages\/462"}],"wp:attachment":[{"href":"https:\/\/pts.org.pl\/en\/wp-json\/wp\/v2\/media?parent=6991"}],"curies":[{"name":"wp","href":"https:\/\/api.w.org\/{rel}","templated":true}]}}