{"id":6983,"date":"2024-02-18T18:21:38","date_gmt":"2024-02-18T18:21:38","guid":{"rendered":"https:\/\/pts.org.pl\/?page_id=6983"},"modified":"2026-02-12T10:44:57","modified_gmt":"2026-02-12T10:44:57","slug":"regulamin-nagrody-im-zygmunta-baumana","status":"publish","type":"page","link":"https:\/\/pts.org.pl\/en\/nagrody\/regulamin-nagrody-im-zygmunta-baumana\/","title":{"rendered":"Regulamin nagrody im Zygmunta Baumana"},"content":{"rendered":"<div class=\"fcbkbttn_buttons_block\" id=\"fcbkbttn_left\"><div class=\"fcbkbttn_button\">\n                            <a href=\"https:\/\/www.facebook.com\/\" target=\"_blank\">\n                                <img src=\"https:\/\/pts.org.pl\/wp-content\/plugins\/facebook-button-plugin\/images\/standard-facebook-ico.png\" alt=\"Fb-Button\" \/>\n                            <\/a>\n                        <\/div><div class=\"fcbkbttn_like \"><fb:like href=\"https:\/\/pts.org.pl\/en\/nagrody\/regulamin-nagrody-im-zygmunta-baumana\/\" action=\"like\" colorscheme=\"light\" layout=\"button_count\"  size=\"small\"><\/fb:like><\/div><\/div>\n<ol type=\"1\"><li>Nagroda przyznawana jest corocznie za ksi\u0105\u017ck\u0119 z dziedziny nauk spo\u0142ecznych;<br>mo\u017ce by\u0107 r\u00f3wnie\u017c przyznana za prac\u0119 z zakresu problematyki wi\u0105\u017c\u0105cej nauki<br>spo\u0142eczne z innymi dyscyplinami humanistycznymi.<\/li><li>Nagroda przyznawana jest za ksi\u0105\u017ck\u0119 mog\u0105c\u0105 pom\u00f3c czytelnikom w zrozumieniu<br>z\u0142o\u017conej rzeczywisto\u015b\u0107 spo\u0142eczno-kulturowej, ukazuj\u0105c\u0105 zagro\u017cenia i szanse<br>wsp\u00f3\u0142czesnego \u015bwiata. Ksi\u0105\u017cka mo\u017ce mie\u0107 charakter naukowy lub<br>popularnonaukowy, przy czym w obu przypadkach musi by\u0107 napisana j\u0119zykiem<br>przyst\u0119pnym dla szerszego grona odbiorc\u00f3w. Pierwsze\u0144stwo powinno by\u0107 dane<br>pracom podnosz\u0105cym kwestie etyczne.<\/li><li>Jury nagrody sk\u0142ada si\u0119 z 5 os\u00f3b. Jedna osoba desygnowana jest przez fundator\u00f3w<br>nagrody, rodzin\u0119 Zygmunta Baumana, a 4 wybierane s\u0105 corocznie spo\u015br\u00f3d<br>cz\u0142onk\u00f3w Polskiego Towarzystwa Socjologicznego przez Walne Zgromadzenie<br>Delegat\u00f3w PTS.<\/li><li>Prawo zg\u0142aszania kandydatur do nagrody ma ka\u017cdy cz\u0142onek PTS. Wnioskodawca<br>zobowi\u0105zany jest do przekazania egzemplarza elektronicznego lub dw\u00f3ch<br>egzemplarzy drukowanych publikacji wraz z rekomendacj\u0105.<\/li><li>Do nagrody mog\u0105 by\u0107 zg\u0142aszane prace opublikowane w roku poprzedzaj\u0105cym rok,<br>w kt\u00f3rym przyznawana jest nagroda.<\/li><li>Wnioski o nagrod\u0119 przyjmowane s\u0105 do 31 grudnia roku poprzedzaj\u0105cego rok, w<br>kt\u00f3rym przyznawana jest nagroda.<\/li><li>Nagroda wr\u0119czana jest podczas Walnego Zgromadzenia Delegat\u00f3w PTS. Laureat<br>otrzymuje dyplom i premi\u0119 pieni\u0119\u017cn\u0105. Jej wysoko\u015b\u0107 okre\u015blana jest przez<br>fundator\u00f3w nagrody i zatwierdzana przez Zarz\u0105d G\u0142\u00f3wny PTS.<\/li><li>W danym roku nagradza si\u0119 jedn\u0105 prac\u0119 (niekoniecznie jednego autora). Jury mo\u017ce<br>r\u00f3wnie\u017c nie przyzna\u0107 nagrody.<\/li><li>Interpretacja statutu nagrody nale\u017cy do jury.<\/li><\/ol>\n\n\n\n<div class=\"wp-block-file\"><a href=\"https:\/\/pts.org.pl\/wp-content\/uploads\/2024\/02\/Statut-nagrody-im.-Zygmunta-Baumana.pdf\">Statut-nagrody-im.-Zygmunta-Baumana<\/a><a href=\"https:\/\/pts.org.pl\/wp-content\/uploads\/2024\/02\/Statut-nagrody-im.-Zygmunta-Baumana.pdf\" class=\"wp-block-file__button\" download>Pobierz<\/a><\/div>\n","protected":false},"excerpt":{"rendered":"<p>Nagroda przyznawana jest corocznie za ksi\u0105\u017ck\u0119 z dziedziny nauk spo\u0142ecznych;mo\u017ce by\u0107 r\u00f3wnie\u017c przyznana za prac\u0119 z zakresu problematyki wi\u0105\u017c\u0105cej naukispo\u0142eczne z innymi dyscyplinami humanistycznymi. Nagroda przyznawana jest za ksi\u0105\u017ck\u0119 mog\u0105c\u0105 pom\u00f3c czytelnikom w zrozumieniuz\u0142o\u017conej rzeczywisto\u015b\u0107 spo\u0142eczno-kulturowej, ukazuj\u0105c\u0105 zagro\u017cenia i szansewsp\u00f3\u0142czesnego \u015bwiata. Ksi\u0105\u017cka mo\u017ce mie\u0107 charakter naukowy lubpopularnonaukowy, przy czym w obu przypadkach musi by\u0107 napisana [&hellip;]<\/p>\n","protected":false},"author":111265,"featured_media":0,"parent":462,"menu_order":0,"comment_status":"closed","ping_status":"closed","template":"","meta":[],"_links":{"self":[{"href":"https:\/\/pts.org.pl\/en\/wp-json\/wp\/v2\/pages\/6983"}],"collection":[{"href":"https:\/\/pts.org.pl\/en\/wp-json\/wp\/v2\/pages"}],"about":[{"href":"https:\/\/pts.org.pl\/en\/wp-json\/wp\/v2\/types\/page"}],"author":[{"embeddable":true,"href":"https:\/\/pts.org.pl\/en\/wp-json\/wp\/v2\/users\/111265"}],"replies":[{"embeddable":true,"href":"https:\/\/pts.org.pl\/en\/wp-json\/wp\/v2\/comments?post=6983"}],"version-history":[{"count":6,"href":"https:\/\/pts.org.pl\/en\/wp-json\/wp\/v2\/pages\/6983\/revisions"}],"predecessor-version":[{"id":7932,"href":"https:\/\/pts.org.pl\/en\/wp-json\/wp\/v2\/pages\/6983\/revisions\/7932"}],"up":[{"embeddable":true,"href":"https:\/\/pts.org.pl\/en\/wp-json\/wp\/v2\/pages\/462"}],"wp:attachment":[{"href":"https:\/\/pts.org.pl\/en\/wp-json\/wp\/v2\/media?parent=6983"}],"curies":[{"name":"wp","href":"https:\/\/api.w.org\/{rel}","templated":true}]}}