{"id":6873,"date":"2023-11-14T23:23:44","date_gmt":"2023-11-14T23:23:44","guid":{"rendered":"https:\/\/pts.org.pl\/?page_id=6873"},"modified":"2023-11-22T12:04:12","modified_gmt":"2023-11-22T12:04:12","slug":"nagroda-im-zygmunta-baumana","status":"publish","type":"page","link":"https:\/\/pts.org.pl\/en\/nagroda-im-zygmunta-baumana\/","title":{"rendered":"NAGRODA IM. ZYGMUNTA BAUMANA"},"content":{"rendered":"<div class=\"fcbkbttn_buttons_block\" id=\"fcbkbttn_left\"><div class=\"fcbkbttn_button\">\n                            <a href=\"https:\/\/www.facebook.com\/\" target=\"_blank\">\n                                <img src=\"https:\/\/pts.org.pl\/wp-content\/plugins\/facebook-button-plugin\/images\/standard-facebook-ico.png\" alt=\"Fb-Button\" \/>\n                            <\/a>\n                        <\/div><div class=\"fcbkbttn_like \"><fb:like href=\"https:\/\/pts.org.pl\/en\/nagroda-im-zygmunta-baumana\/\" action=\"like\" colorscheme=\"light\" layout=\"button_count\"  size=\"small\"><\/fb:like><\/div><\/div>\n<p><strong>Statut Nagrody im. Zygmunta Baumana<\/strong><\/p>\n\n\n\n<ol type=\"1\"><li>Nagroda przyznawana jest corocznie za ksi\u0105\u017ck\u0119 z dziedziny nauk spo\u0142ecznych; mo\u017ce by\u0107 r\u00f3wnie\u017c przyznana za prac\u0119 z zakresu problematyki wi\u0105\u017c\u0105cej nauki spo\u0142eczne z innymi dyscyplinami humanistycznymi.<\/li><li>Nagroda przyznawana jest za ksi\u0105\u017ck\u0119 mog\u0105c\u0105 pom\u00f3c czytelnikom w zrozumieniu z\u0142o\u017conej rzeczywisto\u015b\u0107 spo\u0142eczno-kulturowej, ukazuj\u0105c\u0105 zagro\u017cenia i szanse wsp\u00f3\u0142czesnego \u015bwiata. Ksi\u0105\u017cka mo\u017ce mie\u0107 charakter naukowy lub popularnonaukowy, przy czym w obu przypadkach musi by\u0107 napisana j\u0119zykiem przyst\u0119pnym dla szerszego grona odbiorc\u00f3w. Pierwsze\u0144stwo powinno by\u0107 dane pracom podnosz\u0105cym kwestie etyczne.<\/li><li>Jury nagrody sk\u0142ada si\u0119 z 5 os\u00f3b. Jedna osoba desygnowana jest przez fundator\u00f3w nagrody, rodzin\u0119 Zygmunta Baumana, a 4 wybierane s\u0105 corocznie spo\u015br\u00f3d cz\u0142onk\u00f3w Polskiego Towarzystwa Socjologicznego przez Walne Zgromadzenie Delegat\u00f3w PTS.<\/li><li>Prawo zg\u0142aszania kandydatur do nagrody ma ka\u017cdy cz\u0142onek PTS. Wnioskodawca zobowi\u0105zany jest do przekazania egzemplarza elektronicznego lub dw\u00f3ch egzemplarzy drukowanych publikacji wraz z rekomendacj\u0105.<\/li><li>Do nagrody mog\u0105 by\u0107 zg\u0142aszane prace opublikowane w roku poprzedzaj\u0105cym rok, w kt\u00f3rym przyznawana jest nagroda.<\/li><li>Wnioski o nagrod\u0119 przyjmowane s\u0105 do 31 grudnia roku poprzedzaj\u0105cego rok, w kt\u00f3rym przyznawana jest nagroda.<\/li><li>Nagroda wr\u0119czana jest podczas Walnego Zgromadzenia Delegat\u00f3w PTS. Laureat otrzymuje dyplom i premi\u0119 pieni\u0119\u017cn\u0105. Jej wysoko\u015b\u0107 okre\u015blana jest przez fundator\u00f3w nagrody i zatwierdzana przez Zarz\u0105d G\u0142\u00f3wny PTS.<\/li><li>W danym roku nagradza si\u0119 jedn\u0105 prac\u0119 (niekoniecznie jednego autora). Jury mo\u017ce r\u00f3wnie\u017c nie przyzna\u0107 nagrody.<\/li><li>Interpretacja statutu nagrody nale\u017cy do jury.<\/li><\/ol>\n\n\n\n<div class=\"wp-block-file\"><a href=\"https:\/\/pts.org.pl\/wp-content\/uploads\/2023\/11\/CLEAR-FINAL_10.05.2023_Statut-nagrody-im.-Zygmunta-Baumana.docx\">Statut-nagrody-im.-Zygmunta-Baumana<\/a><a href=\"https:\/\/pts.org.pl\/wp-content\/uploads\/2023\/11\/CLEAR-FINAL_10.05.2023_Statut-nagrody-im.-Zygmunta-Baumana.docx\" class=\"wp-block-file__button\" download>Pobierz<\/a><\/div>\n","protected":false},"excerpt":{"rendered":"<p>Statut Nagrody im. Zygmunta Baumana Nagroda przyznawana jest corocznie za ksi\u0105\u017ck\u0119 z dziedziny nauk spo\u0142ecznych; mo\u017ce by\u0107 r\u00f3wnie\u017c przyznana za prac\u0119 z zakresu problematyki wi\u0105\u017c\u0105cej nauki spo\u0142eczne z innymi dyscyplinami humanistycznymi. Nagroda przyznawana jest za ksi\u0105\u017ck\u0119 mog\u0105c\u0105 pom\u00f3c czytelnikom w zrozumieniu z\u0142o\u017conej rzeczywisto\u015b\u0107 spo\u0142eczno-kulturowej, ukazuj\u0105c\u0105 zagro\u017cenia i szanse wsp\u00f3\u0142czesnego \u015bwiata. Ksi\u0105\u017cka mo\u017ce mie\u0107 charakter naukowy [&hellip;]<\/p>\n","protected":false},"author":11,"featured_media":0,"parent":0,"menu_order":0,"comment_status":"closed","ping_status":"closed","template":"","meta":[],"_links":{"self":[{"href":"https:\/\/pts.org.pl\/en\/wp-json\/wp\/v2\/pages\/6873"}],"collection":[{"href":"https:\/\/pts.org.pl\/en\/wp-json\/wp\/v2\/pages"}],"about":[{"href":"https:\/\/pts.org.pl\/en\/wp-json\/wp\/v2\/types\/page"}],"author":[{"embeddable":true,"href":"https:\/\/pts.org.pl\/en\/wp-json\/wp\/v2\/users\/11"}],"replies":[{"embeddable":true,"href":"https:\/\/pts.org.pl\/en\/wp-json\/wp\/v2\/comments?post=6873"}],"version-history":[{"count":3,"href":"https:\/\/pts.org.pl\/en\/wp-json\/wp\/v2\/pages\/6873\/revisions"}],"predecessor-version":[{"id":6909,"href":"https:\/\/pts.org.pl\/en\/wp-json\/wp\/v2\/pages\/6873\/revisions\/6909"}],"wp:attachment":[{"href":"https:\/\/pts.org.pl\/en\/wp-json\/wp\/v2\/media?parent=6873"}],"curies":[{"name":"wp","href":"https:\/\/api.w.org\/{rel}","templated":true}]}}