{"id":6434,"date":"2023-03-15T20:50:23","date_gmt":"2023-03-15T20:50:23","guid":{"rendered":"https:\/\/pts.org.pl\/?page_id=6434"},"modified":"2023-10-02T13:07:38","modified_gmt":"2023-10-02T13:07:38","slug":"sekcja-socjologii-historycznej","status":"publish","type":"page","link":"https:\/\/pts.org.pl\/en\/sekcja-socjologii-historycznej\/","title":{"rendered":"Sekcja Socjologii Historycznej"},"content":{"rendered":"<div class=\"fcbkbttn_buttons_block\" id=\"fcbkbttn_left\"><div class=\"fcbkbttn_button\">\n                            <a href=\"https:\/\/www.facebook.com\/\" target=\"_blank\">\n                                <img src=\"https:\/\/pts.org.pl\/wp-content\/plugins\/facebook-button-plugin\/images\/standard-facebook-ico.png\" alt=\"Fb-Button\" \/>\n                            <\/a>\n                        <\/div><div class=\"fcbkbttn_like \"><fb:like href=\"https:\/\/pts.org.pl\/en\/sekcja-socjologii-historycznej\/\" action=\"like\" colorscheme=\"light\" layout=\"button_count\"  size=\"small\"><\/fb:like><\/div><\/div>\n<p><strong>Zarz\u0105d Sekcji Socjologii Historycznej:<\/strong><br>Borys Cymbrowski (Krak\u00f3w) &#8211; przewodnicz\u0105cy<br>Wiktor Marzec (Warszawa) &#8211;  zast\u0119pca przewodnicz\u0105cego<br>Agnieszka-Kolasa-Nowak (Lublin)<br>Anna Sosnowska (Warszawa)<br>Nicolas Maslowski (Warszawa)<\/p>\n\n\n\n<p>Kontakt: socjologiahistoryczna@pts.org.pl <\/p>\n","protected":false},"excerpt":{"rendered":"<p>Zarz\u0105d Sekcji Socjologii Historycznej:Borys Cymbrowski (Krak\u00f3w) &#8211; przewodnicz\u0105cyWiktor Marzec (Warszawa) &#8211; zast\u0119pca przewodnicz\u0105cegoAgnieszka-Kolasa-Nowak (Lublin)Anna Sosnowska (Warszawa)Nicolas Maslowski (Warszawa) Kontakt: socjologiahistoryczna@pts.org.pl<\/p>\n","protected":false},"author":111265,"featured_media":0,"parent":0,"menu_order":0,"comment_status":"closed","ping_status":"closed","template":"","meta":[],"_links":{"self":[{"href":"https:\/\/pts.org.pl\/en\/wp-json\/wp\/v2\/pages\/6434"}],"collection":[{"href":"https:\/\/pts.org.pl\/en\/wp-json\/wp\/v2\/pages"}],"about":[{"href":"https:\/\/pts.org.pl\/en\/wp-json\/wp\/v2\/types\/page"}],"author":[{"embeddable":true,"href":"https:\/\/pts.org.pl\/en\/wp-json\/wp\/v2\/users\/111265"}],"replies":[{"embeddable":true,"href":"https:\/\/pts.org.pl\/en\/wp-json\/wp\/v2\/comments?post=6434"}],"version-history":[{"count":2,"href":"https:\/\/pts.org.pl\/en\/wp-json\/wp\/v2\/pages\/6434\/revisions"}],"predecessor-version":[{"id":6814,"href":"https:\/\/pts.org.pl\/en\/wp-json\/wp\/v2\/pages\/6434\/revisions\/6814"}],"wp:attachment":[{"href":"https:\/\/pts.org.pl\/en\/wp-json\/wp\/v2\/media?parent=6434"}],"curies":[{"name":"wp","href":"https:\/\/api.w.org\/{rel}","templated":true}]}}