{"id":5979,"date":"2022-03-12T15:58:50","date_gmt":"2022-03-12T15:58:50","guid":{"rendered":"https:\/\/pts.org.pl\/?page_id=5979"},"modified":"2022-07-17T04:36:11","modified_gmt":"2022-07-17T04:36:11","slug":"socjologia-ukrainska","status":"publish","type":"page","link":"https:\/\/pts.org.pl\/en\/socjologia-ukrainska\/","title":{"rendered":"Socjologia ukrai\u0144ska"},"content":{"rendered":"<div class=\"fcbkbttn_buttons_block\" id=\"fcbkbttn_left\"><div class=\"fcbkbttn_button\">\n                            <a href=\"https:\/\/www.facebook.com\/\" target=\"_blank\">\n                                <img src=\"https:\/\/pts.org.pl\/wp-content\/plugins\/facebook-button-plugin\/images\/standard-facebook-ico.png\" alt=\"Fb-Button\" \/>\n                            <\/a>\n                        <\/div><div class=\"fcbkbttn_like \"><fb:like href=\"https:\/\/pts.org.pl\/en\/socjologia-ukrainska\/\" action=\"like\" colorscheme=\"light\" layout=\"button_count\"  size=\"small\"><\/fb:like><\/div><\/div>\n<p> <strong>BIULETYN WROC\u0141AW-LW\u00d3W, CZ\u0118\u015a\u0106 7<\/strong> <\/p>\n\n\n\n<p>Informujemy o pojawieniu sie kolejnego &#8211; si\u00f3dmego ju\u017c &#8211; numeru biuletynu Wroc\u0142aw-Lw\u00f3w:<\/p>\n\n\n\n<p>Wersja polska i ukrai\u0144ska:&nbsp;<a href=\"https:\/\/uni.wroc.pl\/wirtualny-most-wroclaw-lwow-cz-7\/\" target=\"_blank\" rel=\"noreferrer noopener\">https:\/\/uni.wroc.pl\/wirtualny-most-wroclaw-lwow-cz-7\/<\/a><\/p>\n\n\n\n<p>English version: &nbsp;<a href=\"https:\/\/uni.wroc.pl\/en\/virtual-bridge-wroclaw-lviv-7\/\" target=\"_blank\" rel=\"noreferrer noopener\">https:\/\/uni.wroc.pl\/en\/virtual-bridge-wroclaw-lviv-7\/<\/a><\/p>\n\n\n\n<hr class=\"wp-block-separator\"\/>\n\n\n\n<p><strong>BIULETYN WROC\u0141AW-LW\u00d3W, CZ\u0118\u015a\u0106 6<\/strong><\/p>\n\n\n\n<p>Kolejne, sz\u00f3ste, wydanie biuletynu Wroc\u0142aw-Lw\u00f3w mo\u017cna znale\u017a\u0107 pod poni\u017cszymi linkami:<\/p>\n\n\n\n<p>Wersja polska i ukrai\u0144ska:&nbsp;<a href=\"https:\/\/uni.wroc.pl\/wirtualny-most-wroclaw-lwow-cz-6\/\" target=\"_blank\" rel=\"noreferrer noopener\">https:\/\/uni.wroc.pl\/wirtualny-most-wroclaw-lwow-cz-6\/<\/a><\/p>\n\n\n\n<p>English version:&nbsp;<a rel=\"noreferrer noopener\" href=\"https:\/\/uni.wroc.pl\/en\/virtual-bridge-lviv-wroclaw-6\/\" target=\"_blank\">https:\/\/uni.wroc.pl\/en\/virtual-bridge-lviv-wroclaw-6\/<\/a><\/p>\n\n\n\n<hr class=\"wp-block-separator\"\/>\n\n\n\n<p><strong>BIULETYN WROC\u0141AW-LW\u00d3W<\/strong>, <strong>CZ\u0118\u015a\u0106 <\/strong>5<\/p>\n\n\n\n<p>Zach\u0119camy do zapoznania sie z najnowszym (pi\u0105tym) i poprzednimi numerami biuletynu Wroc\u0142aw-Lw\u00f3w przygotowywanego przez kole\u017canki i koleg\u00f3w ze Lwowa, t\u0142umaczonego\/dystrybuowanego przez wroc\u0142awskie \u015brodowisko socjologiczne. <\/p>\n\n\n\n<p>Wersja polska i ukrai\u0144ska:&nbsp;<a href=\"https:\/\/uni.wroc.pl\/wirtualny-most-wroclaw-lwow-cz-5\/\" target=\"_blank\" rel=\"noreferrer noopener\">https:\/\/uni.wroc.pl\/wirtualny-most-wroclaw-lwow-cz-5\/<\/a><\/p>\n\n\n\n<p>English version:&nbsp;<a rel=\"noreferrer noopener\" href=\"https:\/\/uni.wroc.pl\/en\/virtual-bridge-lviv-wroclaw-5\/\" target=\"_blank\">https:\/\/uni.wroc.pl\/en\/virtual-bridge-lviv-wroclaw-5\/<\/a><\/p>\n\n\n\n<p><\/p>\n\n\n\n<p>Linki do poprzednich edycji:<\/p>\n\n\n\n<p>Po polsku i ukrai\u0144sku:<\/p>\n\n\n\n<p>Vol. 1:&nbsp;<a href=\"https:\/\/uni.wroc.pl\/wirtualny-most-wroclaw-lwow\/\" target=\"_blank\" rel=\"noreferrer noopener\">https:\/\/uni.wroc.pl\/wirtualny-most-wroclaw-lwow\/<\/a>&nbsp;&nbsp;<\/p>\n\n\n\n<p>Vol. 2:&nbsp;<a href=\"https:\/\/uni.wroc.pl\/wirtualny-most-wroclaw-lwow-cz-2\/\" target=\"_blank\" rel=\"noreferrer noopener\">https:\/\/uni.wroc.pl\/wirtualny-most-wroclaw-lwow-cz-2\/<\/a><\/p>\n\n\n\n<p>Vol. 3:&nbsp;<a href=\"https:\/\/uni.wroc.pl\/wirtualny-most-wroclaw-lwow-cz-3\/\" target=\"_blank\" rel=\"noreferrer noopener\">https:\/\/uni.wroc.pl\/wirtualny-most-wroclaw-lwow-cz-3\/<\/a><\/p>\n\n\n\n<p>Vol. 4:&nbsp;<a href=\"https:\/\/uni.wroc.pl\/wirtualny-most-wroclaw-lwow-cz-4\/\" target=\"_blank\" rel=\"noreferrer noopener\">https:\/\/uni.wroc.pl\/wirtualny-most-wroclaw-lwow-cz-4\/<\/a>&nbsp;&nbsp;<\/p>\n\n\n\n<p>Po angielsku:<\/p>\n\n\n\n<p>Vol. 1:&nbsp;<a href=\"https:\/\/uni.wroc.pl\/en\/virtual-bridge-wroclaw-lviv\/\" target=\"_blank\" rel=\"noreferrer noopener\">https:\/\/uni.wroc.pl\/en\/virtual-bridge-wroclaw-lviv\/<\/a><\/p>\n\n\n\n<p>Vol. 2:&nbsp;<a href=\"https:\/\/uni.wroc.pl\/en\/virtual-bridge-wroclaw-lviv-2\/\" target=\"_blank\" rel=\"noreferrer noopener\">https:\/\/uni.wroc.pl\/en\/virtual-bridge-wroclaw-lviv-2\/<\/a>&nbsp;&nbsp;<\/p>\n\n\n\n<p>Vol. 3:&nbsp;<a href=\"https:\/\/uni.wroc.pl\/en\/virtual-bridge-wroclaw-lviv-3\/\" target=\"_blank\" rel=\"noreferrer noopener\">https:\/\/uni.wroc.pl\/en\/virtual-bridge-wroclaw-lviv-3\/<\/a>&nbsp;&nbsp;<\/p>\n\n\n\n<p>Vol. 4:&nbsp;<a rel=\"noreferrer noopener\" href=\"https:\/\/uni.wroc.pl\/en\/virtual-bridge-wroclaw-lviv-4\/\" target=\"_blank\">https:\/\/uni.wroc.pl\/en\/virtual-bridge-wroclaw-lviv-4\/<\/a><\/p>\n\n\n\n<p>&#8212;&#8212;&#8212;&#8212;&#8212;&#8212;&#8212;&#8212;&#8212;&#8212;&#8212;&#8212;&#8212;&#8212;&#8212;&#8212;&#8212;&#8212;&#8212;&#8212;&#8212;&#8212;&#8212;&#8212;&#8212;&#8212;&#8212;&#8212;&#8212;&#8212;&#8212;&#8212;&#8212;&#8212;&#8212;&#8212;&#8212;&#8212;-<\/p>\n\n\n\n<p><strong>Miesi\u0105c na wojnie. Kilka refleksji ukrai\u0144skiego socjologa\u2026<\/strong><\/p>\n\n\n\n<div class=\"wp-block-file\"><a href=\"https:\/\/pts.org.pl\/wp-content\/uploads\/2022\/04\/Bulletin-3-polsko-ukrainski-Wroclaw.docx\">Bulletin-3-polsko-ukrainski-Wroclaw<\/a><a href=\"https:\/\/pts.org.pl\/wp-content\/uploads\/2022\/04\/Bulletin-3-polsko-ukrainski-Wroclaw.docx\" class=\"wp-block-file__button\" download>Pobierz<\/a><\/div>\n\n\n\n<p>&#8212;&#8212;&#8212;&#8212;&#8212;&#8212;&#8212;&#8212;&#8212;&#8212;&#8212;&#8212;&#8212;&#8212;&#8212;&#8212;&#8212;&#8212;&#8212;&#8212;&#8212;&#8212;&#8212;&#8212;&#8212;&#8212;&#8212;&#8212;&#8212;&#8212;&#8212;&#8212;&#8212;&#8212;&#8212;&#8212;&#8212;&#8212;&#8212;&#8212;&#8212;<\/p>\n\n\n\n<p><strong>Wsp\u00f3lny list towarzystw socjologicznych z&nbsp;Litwy, \u0141otwy, Estonii i Polski w odpowiedzi na pr\u00f3by uciszania reakcji na rosyjsk\u0105 inwazj\u0119 na Ukrain\u0119<\/strong><\/p>\n\n\n\n<div class=\"wp-block-file\"><a href=\"https:\/\/pts.org.pl\/wp-content\/uploads\/2022\/04\/To-ESA-regarding-ROS-letter_FIN.docx\">To ESA regarding ROS letter<\/a><a href=\"https:\/\/pts.org.pl\/wp-content\/uploads\/2022\/04\/To-ESA-regarding-ROS-letter_FIN.docx\" class=\"wp-block-file__button\" download>Pobierz<\/a><\/div>\n\n\n\n<p><\/p>\n\n\n\n<p>&#8212;&#8212;&#8212;&#8212;&#8212;&#8212;&#8212;&#8212;&#8212;&#8212;&#8212;&#8212;&#8212;&#8212;&#8212;&#8212;&#8212;&#8212;&#8212;&#8212;&#8212;&#8212;&#8212;&#8212;&#8212;&#8212;&#8212;&#8212;&#8212;&#8212;&#8212;&#8212;&#8212;&#8212;&#8212;&#8212;&#8212;&#8212;&#8212;&#8212;&#8211;<\/p>\n\n\n\n<p><strong>LIST WICEPRZEWODNICZ\u0104CEJ UKRAI\u0143SKIEGO TOWARZYSTWA SOCJOLOGICZNEGO<\/strong><\/p>\n\n\n\n<p>Zach\u0119camy do zapoznania si\u0119 z listem od Olgi Kutsenko, wiceprzewodnicz\u0105cej Ukrai\u0144skiego Towarzystwa Socjologicznego:<\/p>\n\n\n\n<div class=\"wp-block-file\"><a href=\"https:\/\/pts.org.pl\/wp-content\/uploads\/2022\/04\/Letter-from-SAU_4-Apr-2022.docx\">Letter-from-SAU_4-Apr-2022<\/a><a href=\"https:\/\/pts.org.pl\/wp-content\/uploads\/2022\/04\/Letter-from-SAU_4-Apr-2022.docx\" class=\"wp-block-file__button\" download>Pobierz<\/a><\/div>\n\n\n\n<p>&#8212;&#8212;&#8212;&#8212;&#8212;&#8212;&#8212;&#8212;&#8212;&#8212;&#8212;&#8212;&#8212;&#8212;&#8212;&#8212;&#8212;&#8212;&#8212;&#8212;&#8212;&#8212;&#8212;&#8212;&#8212;&#8212;&#8212;&#8212;&#8212;&#8212;&#8212;&#8212;&#8212;&#8212;&#8212;&#8212;&#8212;&#8212;&#8212;&#8212;-<\/p>\n\n\n\n<p><strong>STANOWISKO IZRAELSKIEGO TOWARZYSTWA SOCJOLOGICZNEGO <\/strong><\/p>\n\n\n\n<p>Przedstawiamy stanowisko Izraelskiego Towarzystwa Socjologicznego w sprawie napa\u015bci Rosji na Ukrain\u0119. Deklaracja &#8211; w j\u0119zyku angielskim, ukrai\u0144skim i rosyjskim &#8211; znajduje si\u0119 w poni\u017cszym linku:<\/p>\n\n\n\n<div class=\"wp-block-file\"><a href=\"https:\/\/pts.org.pl\/wp-content\/uploads\/2022\/04\/ISS-declaration-on-Ukraine-March-17-2022-eng-ru-ua.docx\">ISS-declaration-on-Ukraine-March-17-2022-eng-ru-ua<\/a><a href=\"https:\/\/pts.org.pl\/wp-content\/uploads\/2022\/04\/ISS-declaration-on-Ukraine-March-17-2022-eng-ru-ua.docx\" class=\"wp-block-file__button\" download>Pobierz<\/a><\/div>\n\n\n\n<p>&#8212;&#8212;&#8212;&#8212;&#8212;&#8212;&#8212;&#8212;&#8212;&#8212;&#8212;&#8212;&#8212;&#8212;&#8212;&#8212;&#8212;&#8212;&#8212;&#8212;&#8212;&#8212;&#8212;&#8212;&#8212;&#8212;&#8212;&#8212;&#8212;&#8212;&#8212;&#8212;&#8212;&#8212;&#8212;&#8212;&#8212;&#8212;&#8212;<\/p>\n\n\n\n<p><strong>BIULETYN NR 2<\/strong><\/p>\n\n\n\n<p>Zapraszamy do lektury drugiego numeru Biuletynu Wroc\u0142aw-Lw\u00f3w z socjologicznym komentarzem na temat bie\u017c\u0105cych wydarze\u0144 w Ukrainie autorstwa prof. Natalii Czernysz z Katedry Socjologii Wydzia\u0142u Historycznego Lwowskiego Uniwersytetu Narodowego im. Iwana Franki, wiceprzewodnicz\u0105cej Towarzystwa Socjologicznego Ukrainy. Biuletyn jest po ukrai\u0144sku, polsku i angielsku.<\/p>\n\n\n\n<div class=\"wp-block-file\"><a href=\"https:\/\/pts.org.pl\/wp-content\/uploads\/2022\/04\/Biuletyn-nr-2-wirtualny-most-Wroclaw-Lwow.docx\">Biuletyn-nr-2-wirtualny-most-Wroclaw-Lwow<\/a><a href=\"https:\/\/pts.org.pl\/wp-content\/uploads\/2022\/04\/Biuletyn-nr-2-wirtualny-most-Wroclaw-Lwow.docx\" class=\"wp-block-file__button\" download>Pobierz<\/a><\/div>\n\n\n\n<p>&#8212;&#8212;&#8212;&#8212;&#8212;&#8212;&#8212;&#8212;&#8212;&#8212;&#8212;&#8212;&#8212;&#8212;&#8212;&#8212;&#8212;&#8212;&#8212;&#8212;&#8212;&#8212;&#8212;&#8212;&#8212;&#8212;&#8212;&#8212;&#8212;&#8212;&#8212;&#8212;&#8212;&#8212;&#8212;&#8212;&#8212;&#8212;&#8212;&#8212;&#8212;&#8212;&#8212;&#8211;<\/p>\n\n\n\n<p><\/p>\n\n\n\n<p><strong>NOTATKI Z CZAS\u00d3W WOJNY<\/strong><\/p>\n\n\n\n<p>Polecamy uwadze &#8220;Notatki z czas\u00f3w wojny&#8221;, kt\u00f3rych autork\u0105 jest Lyudmyla Skokova z Instytutu Socjologii Narodowej Akademii Nauk Ukrainy w Kijowie. Tekst na j\u0119zyk polski prze\u0142o\u017cy\u0142 prof. Marek Czy\u017cewski.<\/p>\n\n\n\n<div class=\"wp-block-file\"><a href=\"https:\/\/pts.org.pl\/wp-content\/uploads\/2022\/03\/Lyudmyla_Skokova_2022-03-09_pl_poprawka.docx\">Lyudmyla_Skokova_2022-03-09_pl<br><\/a><a href=\"https:\/\/pts.org.pl\/wp-content\/uploads\/2022\/03\/Lyudmyla_Skokova_2022-03-09_pl_poprawka.docx\" class=\"wp-block-file__button\" download>Pobierz<\/a><\/div>\n\n\n\n<p>&#8212;&#8212;&#8212;&#8212;&#8212;&#8212;&#8212;&#8212;&#8212;&#8212;&#8212;&#8212;&#8212;&#8212;&#8212;&#8212;&#8212;&#8212;&#8212;&#8212;&#8212;&#8212;&#8212;&#8212;&#8212;&#8212;&#8212;&#8212;&#8212;&#8212;&#8212;&#8212;&#8212;&#8212;&#8212;&#8212;&#8212;&#8212;&#8212;&#8212;&#8212;&#8212;<\/p>\n\n\n\n<p><strong>BIULETYN<\/strong><\/p>\n\n\n\n<p><strong>Zapraszamy do zapoznania si\u0119 z biuletynem b\u0119d\u0105cym efektem wsp\u00f3\u0142pracy socjolog\u00f3w lwowskich i wroc\u0142awskich<\/strong>. Dokument (w 3 wersjach j\u0119zykowych) jest zapisem wyst\u0105pienia Natali Chernysh (doktora nauk socjologicznych, profesora Katedry Socjologii Wydzia\u0142u Historycznego Lwowskiego Narodowego Uniwersytetu im. Iwana Franki, Wiceprezes Towarzystwa Socjologicznego Ukrainy, Stypendystki Programu Fulbrighta) podczas spotkania online przedstawicieli Instytutu Socjologii i innych instytut\u00f3w Wydzia\u0142u Nauk Spo\u0142ecznych Uniwersytetu Wroc\u0142awskiego z naukowcami z Lwowskiego Uniwersytetu Narodowego im. Iwana Franki. <\/p>\n\n\n\n<div class=\"wp-block-file\"><a href=\"https:\/\/pts.org.pl\/wp-content\/uploads\/2022\/03\/\u0412\u0438\u0441\u0442\u0443\u043f-\u0412\u0440\u043e\u0446\u043b\u0430\u0432-5.03.2022-1-1.docx\">\u0412\u0438\u0441\u0442\u0443\u043f-\u0412\u0440\u043e\u0446\u043b\u0430\u0432-5.03.2022<\/a><a href=\"https:\/\/pts.org.pl\/wp-content\/uploads\/2022\/03\/\u0412\u0438\u0441\u0442\u0443\u043f-\u0412\u0440\u043e\u0446\u043b\u0430\u0432-5.03.2022-1-1.docx\" class=\"wp-block-file__button\" download>Pobierz<\/a><\/div>\n\n\n\n<p>&#8212;&#8212;&#8212;&#8212;&#8212;&#8212;&#8212;&#8212;&#8212;&#8212;&#8212;&#8212;&#8212;&#8212;&#8212;&#8212;&#8212;&#8212;&#8212;&#8212;&#8212;&#8212;&#8212;&#8212;&#8212;&#8212;&#8212;&#8212;&#8212;&#8212;&#8212;&#8212;&#8212;&#8212;&#8212;&#8212;&#8212;&#8212;&#8212;&#8212;&#8212;&#8212;&#8212;<\/p>\n\n\n\n<p><strong>LIST UKRAI\u0143SKICH SOCJOLOG\u00d3W<\/strong><\/p>\n\n\n\n<p>Zach\u0119camy do podpisywania i szerokiego rozpowszechniania stanowiska ukrai\u0144skich socjolog\u00f3w, kt\u00f3re znajduje si\u0119 pod linkiem: <a rel=\"noreferrer noopener\" href=\"https:\/\/forms.gle\/UaX1HSKY9Qi9cLKAA?fbclid=IwAR0bD-If5rpcobyPXKJDKwuUsiXbodgtodB40-QKSvIpkHa7AG8kug_KBu4\" target=\"_blank\">https:\/\/forms.gle\/UaX1HSKY9Qi9cLKAA<\/a><\/p>\n","protected":false},"excerpt":{"rendered":"<p>BIULETYN WROC\u0141AW-LW\u00d3W, CZ\u0118\u015a\u0106 7 Informujemy o pojawieniu sie kolejnego &#8211; si\u00f3dmego ju\u017c &#8211; numeru biuletynu Wroc\u0142aw-Lw\u00f3w: Wersja polska i ukrai\u0144ska:&nbsp;https:\/\/uni.wroc.pl\/wirtualny-most-wroclaw-lwow-cz-7\/ English version: &nbsp;https:\/\/uni.wroc.pl\/en\/virtual-bridge-wroclaw-lviv-7\/ BIULETYN WROC\u0141AW-LW\u00d3W, CZ\u0118\u015a\u0106 6 Kolejne, sz\u00f3ste, wydanie biuletynu Wroc\u0142aw-Lw\u00f3w mo\u017cna znale\u017a\u0107 pod poni\u017cszymi linkami: Wersja polska i ukrai\u0144ska:&nbsp;https:\/\/uni.wroc.pl\/wirtualny-most-wroclaw-lwow-cz-6\/ English version:&nbsp;https:\/\/uni.wroc.pl\/en\/virtual-bridge-lviv-wroclaw-6\/ BIULETYN WROC\u0141AW-LW\u00d3W, CZ\u0118\u015a\u0106 5 Zach\u0119camy do zapoznania sie z najnowszym (pi\u0105tym) i [&hellip;]<\/p>\n","protected":false},"author":11,"featured_media":0,"parent":0,"menu_order":0,"comment_status":"closed","ping_status":"closed","template":"","meta":[],"_links":{"self":[{"href":"https:\/\/pts.org.pl\/en\/wp-json\/wp\/v2\/pages\/5979"}],"collection":[{"href":"https:\/\/pts.org.pl\/en\/wp-json\/wp\/v2\/pages"}],"about":[{"href":"https:\/\/pts.org.pl\/en\/wp-json\/wp\/v2\/types\/page"}],"author":[{"embeddable":true,"href":"https:\/\/pts.org.pl\/en\/wp-json\/wp\/v2\/users\/11"}],"replies":[{"embeddable":true,"href":"https:\/\/pts.org.pl\/en\/wp-json\/wp\/v2\/comments?post=5979"}],"version-history":[{"count":14,"href":"https:\/\/pts.org.pl\/en\/wp-json\/wp\/v2\/pages\/5979\/revisions"}],"predecessor-version":[{"id":6150,"href":"https:\/\/pts.org.pl\/en\/wp-json\/wp\/v2\/pages\/5979\/revisions\/6150"}],"wp:attachment":[{"href":"https:\/\/pts.org.pl\/en\/wp-json\/wp\/v2\/media?parent=5979"}],"curies":[{"name":"wp","href":"https:\/\/api.w.org\/{rel}","templated":true}]}}