{"id":5123,"date":"2021-03-09T09:04:00","date_gmt":"2021-03-09T09:04:00","guid":{"rendered":"https:\/\/pts.org.pl\/?page_id=5123"},"modified":"2021-04-07T22:52:33","modified_gmt":"2021-04-07T22:52:33","slug":"spotkania-sekcji-i-oddzialow","status":"publish","type":"page","link":"https:\/\/pts.org.pl\/en\/spotkania-sekcji-i-oddzialow\/","title":{"rendered":"Kalendarium Spotka\u0144 Sekcji i Oddzia\u0142\u00f3w"},"content":{"rendered":"<div class=\"fcbkbttn_buttons_block\" id=\"fcbkbttn_left\"><div class=\"fcbkbttn_button\">\n                            <a href=\"https:\/\/www.facebook.com\/\" target=\"_blank\">\n                                <img src=\"https:\/\/pts.org.pl\/wp-content\/plugins\/facebook-button-plugin\/images\/standard-facebook-ico.png\" alt=\"Fb-Button\" \/>\n                            <\/a>\n                        <\/div><div class=\"fcbkbttn_like \"><fb:like href=\"https:\/\/pts.org.pl\/en\/spotkania-sekcji-i-oddzialow\/\" action=\"like\" colorscheme=\"light\" layout=\"button_count\"  size=\"small\"><\/fb:like><\/div><\/div>\n<p class=\"has-text-color has-background has-large-font-size\" style=\"background-color:#651717;color:#f1e6e6\">Aktualizowany kalendarz wydarze\u0144 organizowanych on-line przez Sekcje i Oddzia\u0142y PTS &#8211; kliknij <strong><a rel=\"noreferrer noopener\" href=\"https:\/\/calendar.google.com\/calendar\/embed?height=600&amp;wkst=1&amp;bgcolor=%23ffffff&amp;ctz=Europe%2FWarsaw&amp;src=cDVkMHZmNHV1ZWFydTB2ODJoaWw1NTZjMWtAZ3JvdXAuY2FsZW5kYXIuZ29vZ2xlLmNvbQ&amp;color=%239E69AF\" target=\"_blank\" data-type=\"URL\" data-id=\"https:\/\/calendar.google.com\/calendar\/embed?height=600&amp;wkst=1&amp;bgcolor=%23ffffff&amp;ctz=Europe%2FWarsaw&amp;src=cDVkMHZmNHV1ZWFydTB2ODJoaWw1NTZjMWtAZ3JvdXAuY2FsZW5kYXIuZ29vZ2xlLmNvbQ&amp;color=%239E69AF\">tutaj<\/a><\/strong>.<\/p>\n\n\n\n<p><\/p>\n","protected":false},"excerpt":{"rendered":"<p>Aktualizowany kalendarz wydarze\u0144 organizowanych on-line przez Sekcje i Oddzia\u0142y PTS &#8211; kliknij tutaj.<\/p>\n","protected":false},"author":111268,"featured_media":0,"parent":0,"menu_order":0,"comment_status":"closed","ping_status":"closed","template":"","meta":[],"_links":{"self":[{"href":"https:\/\/pts.org.pl\/en\/wp-json\/wp\/v2\/pages\/5123"}],"collection":[{"href":"https:\/\/pts.org.pl\/en\/wp-json\/wp\/v2\/pages"}],"about":[{"href":"https:\/\/pts.org.pl\/en\/wp-json\/wp\/v2\/types\/page"}],"author":[{"embeddable":true,"href":"https:\/\/pts.org.pl\/en\/wp-json\/wp\/v2\/users\/111268"}],"replies":[{"embeddable":true,"href":"https:\/\/pts.org.pl\/en\/wp-json\/wp\/v2\/comments?post=5123"}],"version-history":[{"count":14,"href":"https:\/\/pts.org.pl\/en\/wp-json\/wp\/v2\/pages\/5123\/revisions"}],"predecessor-version":[{"id":5217,"href":"https:\/\/pts.org.pl\/en\/wp-json\/wp\/v2\/pages\/5123\/revisions\/5217"}],"wp:attachment":[{"href":"https:\/\/pts.org.pl\/en\/wp-json\/wp\/v2\/media?parent=5123"}],"curies":[{"name":"wp","href":"https:\/\/api.w.org\/{rel}","templated":true}]}}