{"id":5054,"date":"2021-01-19T20:27:36","date_gmt":"2021-01-19T20:27:36","guid":{"rendered":"https:\/\/pts.org.pl\/?page_id=5054"},"modified":"2023-05-30T22:41:50","modified_gmt":"2023-05-30T22:41:50","slug":"sekcja-relacji-miedzygatunkowych","status":"publish","type":"page","link":"https:\/\/pts.org.pl\/en\/sekcja-relacji-miedzygatunkowych\/","title":{"rendered":"Sekcja Relacji Mi\u0119dzygatunkowych"},"content":{"rendered":"<div class=\"fcbkbttn_buttons_block\" id=\"fcbkbttn_left\"><div class=\"fcbkbttn_button\">\n                            <a href=\"https:\/\/www.facebook.com\/\" target=\"_blank\">\n                                <img src=\"https:\/\/pts.org.pl\/wp-content\/plugins\/facebook-button-plugin\/images\/standard-facebook-ico.png\" alt=\"Fb-Button\" \/>\n                            <\/a>\n                        <\/div><div class=\"fcbkbttn_like \"><fb:like href=\"https:\/\/pts.org.pl\/en\/sekcja-relacji-miedzygatunkowych\/\" action=\"like\" colorscheme=\"light\" layout=\"button_count\"  size=\"small\"><\/fb:like><\/div><\/div>\n<p><\/p>\n\n\n\n<p>The founding meeting of the Section of Interspecies Relations was held on June 13, 2020. During the online session, the Section\u2019s members appointed the Executive Committee\/Board, which is composed of:<\/p>\n\n\n\n<p>1. The President, dr hab. Hanna Mamzer, prof. UAM<\/p>\n\n\n\n<p>2. Vice-president, dr hab. Magdalena Zi\u00f3\u0142kowska, prof. UAM<\/p>\n\n\n\n<p>3. Vice-president, Magdalena Gajewska, PhD<\/p>\n\n\n\n<p>4. Vice-president in charge of international relations, Micha\u0142 Pr\u0119gowski, PhD<\/p>\n\n\n\n<p>During the meeting, two main subjects were brought up for discussion: organisational matters and founding issues regarding future plans and actions. The latter included academic activities as well as on-hand support in case of interspecies tensions and conflicts. The section will develop collaboration with public institutions and non-governmental organisations in the field of human-non-human animal relations. The next meeting was scheduled for the second half of October 2020, just before the conference titled \u2018Attitudes and Actions Towards Animals in the 21<sup>st<\/sup> century\u2019 [\u2018<em>Praktyki wobec zwierz\u0105t w XXI wieku<\/em>\u2019].<\/p>\n\n\n\n<p>For more information and updates, you are welcome to consult our Facebook page: <a href=\"https:\/\/www.facebook.com\/Sekcja-Relacji-Mi%2525C4%252599dzygatunkowych-Polskie-Towarzystwo-Socjologiczne-102661711297737\/?modal=admin_todo_tour\">https:\/\/www.facebook.com\/Sekcja-Relacji-Mi%C4%99dzygatunkowych-Polskie-Towarzystwo-Socjologiczne-102661711297737\/?modal=admin_todo_tour<\/a>&nbsp;&nbsp;&nbsp;&nbsp; &nbsp;&nbsp;&nbsp; <\/p>\n\n\n\n<p>For collaboration with or within the Section, you can reach dr hab. Hanna Mamzer, prof. UAM, directly at: <a href=\"mailto:mamzer@amu.edu.pl\">mamzer@amu.edu.pl<\/a><\/p>\n\n\n\n<hr class=\"wp-block-separator\"\/>\n\n\n\n<p><strong>Four arguments justifying the significance of establishing the Section of Interspecies Relations within the Polish Sociological Association <\/strong><strong><\/strong><\/p>\n\n\n\n<p><strong>The first <\/strong>argument refers to the discipline\u2019s historical background. Although researchers have only become interested in the sociology of human-animal interactions quite recently, the theoretical foundation \u2013 mainly in terms of the \u201csociology of the relations of men to animals, both domestic and wild\u201d<a href=\"#_ftn1\"><sup>[1]<\/sup><\/a> \u2013 had been laid much earlier by Max Weber in his book <em>Economy and Society<\/em> (1922). Weber pointed to the complexity of social relationships among non-human beings as an area for a potential sociological interest.<\/p>\n\n\n\n<p>Read Bain, the chief editor of the <em>American Sociological Review<\/em> (1983-1942) and vice-president of the American Sociological Society (1984), advocated the need for such research even more openly. In his paper titled \u201cThe Culture of Canines\u201d (1928), he used the example of dogs \u2013 people\u2019s best friends \u2013 and described how they acknowledged human cultural codes. The aim was to show sociologists the need to develop \u201canimal sociology\u201d. Bain claimed that since animals\u2019 behaviour, reasoning, physio-anatomical structure, and social life correlated in some aspects with that of humans, the arbitral sociological discrimination between animals and humans is unreasonable and unjustified.<\/p>\n\n\n\n<p>A genuine and gradual turn in sociology towards animals took place a few decades later, making the year 1979 a symbolic turning point. It was then that the scientific journal <em>Social Forces<\/em> published the avidly quoted (until the present day) paper titled \u201cThe Zoological Connection: Animal-Related Human Behavior\u201d by Clifton Bryant. Bryant appealed to sociologists, asking them to acknowledge the presence of animals both in public and private spaces, and to conduct systematic research of the impact that animals have on people\u2019s social life.<\/p>\n\n\n\n<p><strong>Secondly<\/strong>, the establishment of the Section is a response to the current trends in sociology which focus on various aspects of relations and interactions between humans and other animals. Research conducted in this area includes the analyses of phenomena such as the social construction of animals, cultural differences in animal treatment, various attitudes towards different animal species (domestic\/accompanying, farming, wild, endangered, and others), the changing status of animals in contemporary societies, violent behaviour against animals, as well as interdependent phenomena (e.g. the relationship between animal abuse and domestic violence, or breaches of animal welfare in industrial farming and the welfare of its\u2019 employees).<\/p>\n\n\n\n<p>Widely debated books covering the aforementioned issues include: <em>Animal Rights, Human Rights: Entanglements of Oppression and Liberation<\/em> by David Nibert (2002), <em>Just a Dog: Understanding Animal Cruelty and Ourselves<\/em> by Arnold Arluke (2006), <em>Animals and Modern Cultures<\/em> by Adrian Franklin (1999), <em>Cat Culture: The Social World of a Cat Shelter<\/em> by Janet and Steven Alger (2003), <em>Understanding Dogs: Living and Working with Canine Companions<\/em> by Clinton R. Sanders (1999), and <em>Animals and Society: An Introduction to Human-Animal Studies<\/em> by Margo DeMello (2012). It is worth mentioning that the most renowned interdisciplinary journals that present studies and research findings on such topics have been publishing for over thirty years (e.g. <em>Anthrozo\u00f6s<\/em>, 1987; <em>Society &amp; Animals<\/em>, 1993). Sociological associations in Western countries (both English-speaking and others) have established sections and subgroups devoted to studies of human\u2013non-human animals relations \u2013 e.g. the American Sociological Association registered the \u2018Animals and Society\u2019 section in 2002, the \u2018Animal\/Human Studies Group\u2019 has been developing under the auspices of the British Sociological Works since 2006, and the Australian Sociological Association also has a well-developed \u2018Sociology &amp; Animals\u2019 section.<\/p>\n\n\n\n<p><strong>Thirdly<\/strong>, establishing the Section reflects the state of the current research in the field of relationships between human and other species, which has been conducted on the Polish sociological arena. Plenty of papers and monographs were devoted to this subject, namely <em>Ludzie i ich zwierz\u0119ta. Interakcjonistyczno-symboliczna analiza spo\u0142ecznego \u015bwiata w\u0142a\u015bcicieli zwierz\u0105t domowych<\/em> (trans. <em>People and Their Animals: A Symbolic Interactionist Analysis of the Social World of Domestic Animals\u2019 Owners<\/em>) by Krzysztof T. Konecki; <em>Sens polowania. Wsp\u00f3\u0142czesne znaczenia tradycyjnych praktyk na przyk\u0142adzie analizy dyskursu \u0142owieckiego<\/em> (<em>Understanding Big Game Shooting: Contemporary Meanings of Traditional Practice on the Basis of Hunters\u2019 Discourse Analysis<\/em>) by Dorota Rancew-Sikora (2009). Also of importance are interdisciplinary collective monographs edited by sociologists, e.g. <em>Ludzie i nie-ludzie. Perspektywa socjologiczno-antropologiczna<\/em> (trans. <em>Humans and Non-Humans: A Socio-Anthropological Perspective<\/em>), edited by Adriana Mica and Pawe\u0142 \u0141uczeczko (2011); <em>Companion Animals in Everyday Life<\/em>, edited by Micha\u0142 Piotr Pr\u0119gowski (2016); and <em>Dobrostan zwierz\u0105t<\/em> (trans. <em>Animal Welfare<\/em>), edited by Hanna Mamzer (2018).<\/p>\n\n\n\n<p>Last but not least, <strong>the fourth <\/strong>argument justifying the establishment of the Section refers to the area of its members\u2019 interest, which corresponds with the public demand. The purpose of sociology is to describe social controversies, changes, and socio-cultural phenomena that appear in the world around us, including fight for animals\u2019 rights, legal and moral changes concerning different species, vegetarianism and veganism, the status of domestic animals, social actions supporting species protection, etc. Social interest in questions such as relations between humans and other animals, their intertwined welfares, empathy towards \u2013 and understanding of \u2013 other species is as noticeable in Poland as it is in other countries. Describing, explaining, and understanding the connection between human and animal worlds has become one of principal tasks for sociology.<\/p>\n\n\n\n<p><strong>Conclusion<\/strong><strong><\/strong><\/p>\n\n\n\n<p>All those arguments considered, we would like to apply for establishing the Section of Interspecies Relations within the Polish Sociological Association. The Section\u2019s goals include: studying, describing and interpreting human-animal relations both in the local and the global dimensions; presenting the achievements and initiatives of Polish sociologist and international researchers\/scholars; and cooperating with international academic institutions with the purpose of promoting Polish achievements with regard to the interspecies-relations research. The social aim of the Section is to support the academic efforts of sociologists interested in this interdisciplinary area.<\/p>\n\n\n\n<hr class=\"wp-block-separator\"\/>\n\n\n\n<p><\/p>","protected":false},"excerpt":{"rendered":"<p>The founding meeting of the Section of Interspecies Relations was held on June 13, 2020. During the online session, the Section\u2019s members appointed the Executive Committee\/Board, which is composed of: 1. The President, dr hab. Hanna Mamzer, prof. UAM 2. Vice-president, dr hab. Magdalena Zi\u00f3\u0142kowska, prof. UAM 3. Vice-president, Magdalena Gajewska, PhD 4. Vice-president in [&hellip;]<\/p>\n","protected":false},"author":11,"featured_media":0,"parent":0,"menu_order":0,"comment_status":"closed","ping_status":"closed","template":"","meta":[],"_links":{"self":[{"href":"https:\/\/pts.org.pl\/en\/wp-json\/wp\/v2\/pages\/5054"}],"collection":[{"href":"https:\/\/pts.org.pl\/en\/wp-json\/wp\/v2\/pages"}],"about":[{"href":"https:\/\/pts.org.pl\/en\/wp-json\/wp\/v2\/types\/page"}],"author":[{"embeddable":true,"href":"https:\/\/pts.org.pl\/en\/wp-json\/wp\/v2\/users\/11"}],"replies":[{"embeddable":true,"href":"https:\/\/pts.org.pl\/en\/wp-json\/wp\/v2\/comments?post=5054"}],"version-history":[{"count":7,"href":"https:\/\/pts.org.pl\/en\/wp-json\/wp\/v2\/pages\/5054\/revisions"}],"predecessor-version":[{"id":6510,"href":"https:\/\/pts.org.pl\/en\/wp-json\/wp\/v2\/pages\/5054\/revisions\/6510"}],"wp:attachment":[{"href":"https:\/\/pts.org.pl\/en\/wp-json\/wp\/v2\/media?parent=5054"}],"curies":[{"name":"wp","href":"https:\/\/api.w.org\/{rel}","templated":true}]}}