{"id":469,"date":"2016-04-02T21:34:51","date_gmt":"2016-04-02T21:34:51","guid":{"rendered":"http:\/\/www.pts.org.pl\/?page_id=469"},"modified":"2023-03-15T21:00:15","modified_gmt":"2023-03-15T21:00:15","slug":"podaruj-pts-owi-1","status":"publish","type":"page","link":"https:\/\/pts.org.pl\/en\/podaruj-pts-owi-1\/","title":{"rendered":"PODARUJ PTS-owi 1.5%"},"content":{"rendered":"<div class=\"fcbkbttn_buttons_block\" id=\"fcbkbttn_left\"><div class=\"fcbkbttn_button\">\n                            <a href=\"https:\/\/www.facebook.com\/\" target=\"_blank\">\n                                <img src=\"https:\/\/pts.org.pl\/wp-content\/plugins\/facebook-button-plugin\/images\/standard-facebook-ico.png\" alt=\"Fb-Button\" \/>\n                            <\/a>\n                        <\/div><div class=\"fcbkbttn_like \"><fb:like href=\"https:\/\/pts.org.pl\/en\/podaruj-pts-owi-1\/\" action=\"like\" colorscheme=\"light\" layout=\"button_count\"  size=\"small\"><\/fb:like><\/div><\/div><h1>APEL ZG PTS O PRZEKAZANIE 1.5% PODATKU<\/h1>\n<h2>DLA NASZEGO TOWARZYSTWA<\/h2>\n<p>Zarz\u0105d G\u0142\u00f3wny Polskiego Towarzystwa Socjologicznego, w zwi\u0105zku ze zbli\u017caj\u0105c\u0105 si\u0119 por\u0105 rozlicze\u0144 podatkowych obywateli, ponownie gor\u0105co apeluje o przekazywanie Polskiemu Towarzystwu Socjologicznemu 1.5 % &nbsp;swojego podatku dochodowego.<\/p>\n<p>Przypominamy, \u017ce aby przekaza\u0107 Polskiemu Towarzystwu Socjologicznemu 1.5 % swojego podatku dochodowego, nale\u017cy w zeznaniu rocznym (PIT) wskaza\u0107 Polskie Towarzystwo Socjologiczne jako beneficjenta 1.5 % odpisu podatkowego. W tym celu nale\u017cy wype\u0142ni\u0107 odpowiedni\u0105 rubryk\u0119 w rocznym zeznaniu podatkowym (PIT-36, PIT-37 lub PIT-28). Po wyliczeniu tego, ile podatku b\u0119dziemy mieli do zap\u0142acenia w tym roku, w odpowiednich rubrykach zeznania podatkowego wpisujemy numer, pod jakim widnieje PTS w Krajowym Rejestrze S\u0105dowym \u2014 \u201e<strong>0000073055<\/strong>\u201d. Wpisujemy do zeznania podatkowego tak\u017ce kwot\u0119, kt\u00f3r\u0105 chcemy przekaza\u0107 PTS-owi, pami\u0119taj\u0105c, \u017ce nie mo\u017ce ona przekracza\u0107 1.5 % nale\u017cnego podatku, wynikaj\u0105cego z zeznania podatkowego, po zaokr\u0105gleniu do pe\u0142nych dziesi\u0105tek groszy w d\u00f3\u0142.<\/p>\n<p>Zgodnie z funkcjonuj\u0105cymi obecnie przepisami 1.5 % podatku nale\u017cnego urz\u0105d skarbowy przeka\u017ce na konto beneficjenta w terminie do 3 miesi\u0119cy, z wyliczonej za\u015b kwoty potr\u0105cone zostan\u0105 koszty przelewu. Podatnik nie mo\u017ce podzieli\u0107 swojego 1.5 % mi\u0119dzy kilka organizacji, nie ma tak\u017ce mo\u017cliwo\u015bci samodzielnej wp\u0142aty 1.5 % (taka konieczno\u015b\u0107 istnia\u0142a w latach poprzednich). 1.5 % mo\u017cna przekaza\u0107 tylko w zeznaniach podatkowych z\u0142o\u017conych w terminie. Podatnik ma obecnie mo\u017cliwo\u015b\u0107 okre\u015blenia szczeg\u00f3\u0142owego celu, na kt\u00f3ry chce przekaza\u0107 1.5 %. Jednak\u017ce deklaracja ta dla beneficjenta pe\u0142ni funkcj\u0119 jedynie informacyjn\u0105, nie jest ona dla\u0144 zobowi\u0105zuj\u0105ca. Uwa\u017camy, \u017ce warto wspom\u00f3c dzia\u0142alno\u015b\u0107 PTS-u, a do wsparcia organizacji charytatywnych (przeznaczenia w\u0142asnych pieni\u0119dzy dla potrzebuj\u0105cych) zach\u0119camy niezale\u017cnie od przekazania 1.5 % podatku (kt\u00f3re jest swoistego rodzaju transferem pieni\u0119dzy publicznych z bud\u017cetu pa\u0144stwa, w tym przypadku do PTS-u).<\/p>\n<p>Kole\u017canki i Koledzy,<br \/>\nZwracamy si\u0119 do Was r\u00f3wnie\u017c o pomoc w rozpropagowaniu niniejszego apelu, przekazanie go wszystkim, tak\u017ce niezrzeszonym, socjolo\u017ckom i socjologom oraz innym osobom mog\u0105cym pom\u00f3c naszemu Towarzystwu w uzyskaniu pe\u0142nej niezale\u017cno\u015bci finansowej i \u2014 tym samym \u2014 przyczyni\u0107 si\u0119 do podniesienia poziomu naszej pracy na rzecz dobra wsp\u00f3lnego.<\/p>\n<p>Zarz\u0105d G\u0142\u00f3wny PTS<\/p>\n","protected":false},"excerpt":{"rendered":"<p>APEL ZG PTS O PRZEKAZANIE 1.5% PODATKU DLA NASZEGO TOWARZYSTWA Zarz\u0105d G\u0142\u00f3wny Polskiego Towarzystwa Socjologicznego, w zwi\u0105zku ze zbli\u017caj\u0105c\u0105 si\u0119 por\u0105 rozlicze\u0144 podatkowych obywateli, ponownie gor\u0105co apeluje o przekazywanie Polskiemu Towarzystwu Socjologicznemu 1.5 % &nbsp;swojego podatku dochodowego. Przypominamy, \u017ce aby przekaza\u0107 Polskiemu Towarzystwu Socjologicznemu 1.5 % swojego podatku dochodowego, nale\u017cy w zeznaniu rocznym (PIT) wskaza\u0107 [&hellip;]<\/p>\n","protected":false},"author":7,"featured_media":6439,"parent":0,"menu_order":0,"comment_status":"closed","ping_status":"closed","template":"page-images.php","meta":[],"_links":{"self":[{"href":"https:\/\/pts.org.pl\/en\/wp-json\/wp\/v2\/pages\/469"}],"collection":[{"href":"https:\/\/pts.org.pl\/en\/wp-json\/wp\/v2\/pages"}],"about":[{"href":"https:\/\/pts.org.pl\/en\/wp-json\/wp\/v2\/types\/page"}],"author":[{"embeddable":true,"href":"https:\/\/pts.org.pl\/en\/wp-json\/wp\/v2\/users\/7"}],"replies":[{"embeddable":true,"href":"https:\/\/pts.org.pl\/en\/wp-json\/wp\/v2\/comments?post=469"}],"version-history":[{"count":6,"href":"https:\/\/pts.org.pl\/en\/wp-json\/wp\/v2\/pages\/469\/revisions"}],"predecessor-version":[{"id":6440,"href":"https:\/\/pts.org.pl\/en\/wp-json\/wp\/v2\/pages\/469\/revisions\/6440"}],"wp:featuredmedia":[{"embeddable":true,"href":"https:\/\/pts.org.pl\/en\/wp-json\/wp\/v2\/media\/6439"}],"wp:attachment":[{"href":"https:\/\/pts.org.pl\/en\/wp-json\/wp\/v2\/media?parent=469"}],"curies":[{"name":"wp","href":"https:\/\/api.w.org\/{rel}","templated":true}]}}