{"id":4207,"date":"2019-09-20T10:04:14","date_gmt":"2019-09-20T10:04:14","guid":{"rendered":"http:\/\/pts.org.pl\/?page_id=4207"},"modified":"2023-03-01T10:26:22","modified_gmt":"2023-03-01T10:26:22","slug":"sekcja-socjologii-migracji","status":"publish","type":"page","link":"https:\/\/pts.org.pl\/en\/sekcja-socjologii-migracji\/","title":{"rendered":"(Polski) Sekcja Socjologii Migracji"},"content":{"rendered":"<div class=\"fcbkbttn_buttons_block\" id=\"fcbkbttn_left\"><div class=\"fcbkbttn_button\">\n                            <a href=\"https:\/\/www.facebook.com\/\" target=\"_blank\">\n                                <img src=\"https:\/\/pts.org.pl\/wp-content\/plugins\/facebook-button-plugin\/images\/standard-facebook-ico.png\" alt=\"Fb-Button\" \/>\n                            <\/a>\n                        <\/div><div class=\"fcbkbttn_like \"><fb:like href=\"https:\/\/pts.org.pl\/en\/sekcja-socjologii-migracji\/\" action=\"like\" colorscheme=\"light\" layout=\"button_count\"  size=\"small\"><\/fb:like><\/div><\/div><p>Sociology of Migration Committee was established in 2019 as an initiative of Katarzyna Andrejuk and Aleksandra Winiarska. The rationale of the new Committee was a growing popularity of migration research among sociologists in Poland, which was reflected by a high number of papers submitted to the thematic session of the Sociological Congress in Wroc\u0142aw (2019) \u201cDurability and liquidity of international migration: circulation, settlement, integration of migrants\u201d.<\/p>\n<p>The Committee is a platform of discussion and exchange of information for migration researchers. Information about our meetings and other events related to migration studies are disseminated through the Committee\u2019s Newsletter, as well as the Committee\u2019s profile in social media.<\/p>\n<p><strong>Management Board: <\/strong><\/p>\n<p>Head of the Committee: Katarzyna Andrejuk (Institute of Philosophy and Sociology, Polish Academy of Sciences)<\/p>\n<p>Deputy Head of the Committee: Marcin Go\u0144da (University of \u0141\u00f3d\u017a)<\/p>\n<p>Deputy Head of the Committee: Aleksandra Winiarska\u00a0 (University of Warsaw)<\/p>\n<p>Email: <a href=\"mailto:socjologiamigracji.pts@yahoo.com\">socjologiamigracji.pts@yahoo.com<\/a><\/p>\n<p>Facebook:<\/p>\n<p><a href=\"https:\/\/www.facebook.com\/SocjologiaMigracjiPTS\/?modal=admin_todo_tour\">https:\/\/www.facebook.com\/SocjologiaMigracjiPTS\/?modal=admin_todo_tour<\/a><\/p>\n<p><strong>SEMINAR SERIES \u201cMIGRATION MONOGRAPHS\u201d<\/strong><\/p>\n<p>October 2019<\/p>\n<p>Discussion about a book by Izabela Grabowska \u201cOtwieraj\u0105c g\u0142owy. Migracje i kompetencje spo\u0142eczne\u201d<\/p>\n<p><img loading=\"lazy\" class=\"alignnone size-medium wp-image-4981\" src=\"https:\/\/pts.org.pl\/wp-content\/uploads\/2021\/01\/Obraz1-2-300x170.jpg\" alt=\"\" width=\"300\" height=\"170\" srcset=\"https:\/\/pts.org.pl\/wp-content\/uploads\/2021\/01\/Obraz1-2-300x170.jpg 300w, https:\/\/pts.org.pl\/wp-content\/uploads\/2021\/01\/Obraz1-2.jpg 454w\" sizes=\"(max-width: 300px) 100vw, 300px\" \/><\/p>\n<p>22 January 2020<\/p>\n<p>Discussion about a book by Magdalena Wnuk, &#8220;Kierunek Zach\u00f3d, przystanek emigracja. Adaptacja polskich emigrant\u00f3w w Austrii, Szwecji i we W\u0142oszech od lat 80. XX w. do wsp\u00f3\u0142czesno\u015bci&#8221;<\/p>\n<p>8 May 2020<\/p>\n<p>Discussion about a book by K. \u0141uczaj, B. Bielska, O. Kurek-Ochma\u0144ska, J. Mucha\u00a0 \u201eOsiad\u0142e ptaki. Urodzeni za granic\u0105 pracownicy polskich instytucji akademickich\u201d<\/p>\n<p>10 November\u00a0 2020<\/p>\n<p>Discussion about a book by Marta Wo\u017aniak-Bobi\u0144ska \u201eWsp\u00f3\u0142czesna diaspora asyryjsko-aramejska w Szwecji\u201d<\/p>\n<p><strong>INTERCOMMITTEE CONFERENCE<\/strong><\/p>\n<p>On 5-6 November 2020 we organized an international conference \u201cSocial Change in the 21st century: Youth-Family-Economy-Migration\u201d.<\/p>\n<p><img loading=\"lazy\" class=\"alignnone size-medium wp-image-4982\" src=\"https:\/\/pts.org.pl\/wp-content\/uploads\/2021\/01\/Obraz2-2-300x189.png\" alt=\"\" width=\"300\" height=\"189\" srcset=\"https:\/\/pts.org.pl\/wp-content\/uploads\/2021\/01\/Obraz2-2-300x189.png 300w, https:\/\/pts.org.pl\/wp-content\/uploads\/2021\/01\/Obraz2-2.png 605w\" sizes=\"(max-width: 300px) 100vw, 300px\" \/><\/p>\n<p>The Conference was co-organized by fur committeed of the Polish Sociological Association: Sociology of Migration Committee, Sociology of Youth and Education Committee, Economic Sociology Committee, Sociology of Family Life and Intimacy Committee<\/p>\n<p>Conference website with detailed programme and abstracts: \u00a0<a href=\"https:\/\/conferencesocialchange.wordpress.com\/\">https:\/\/conferencesocialchange.wordpress.com\/<\/a><\/p>\n<p><strong>NEWSLETTER<\/strong><\/p>\n<p>Sociology of Migration Committee issues a Newsletter devoted to migration studies. If you wish to receive the Newslletter, please contact us: \u00a0<a href=\"mailto:socjologiamigracji.pts@yahoo.com\">socjologiamigracji.pts@yahoo.com<\/a><\/p>\n<p><strong>SPECIAL ISSUE OF MIGRATION STUDIES \u2013 REVIEW OF THE POLISH DIASPORA<\/strong><\/p>\n<p>A bilingual special issue of \u201cMigration Studies &#8211; Review of Polish Diaspora\u201d, containing texts by members of the Committee, got published in 2020.\u00a0 The main theme is \u201cSociology of migration before and during the pandemic\u201d. All articles are open access:<\/p>\n<p><a href=\"https:\/\/www.ejournals.eu\/Studia-Migracyjne\/\">https:\/\/www.ejournals.eu\/Studia-Migracyjne\/<\/a><\/p>","protected":false},"excerpt":{"rendered":"<p>Sociology of Migration Committee was established in 2019 as an initiative of Katarzyna Andrejuk and Aleksandra Winiarska. The rationale of the new Committee was a growing popularity of migration research among sociologists in Poland, which was reflected by a high number of papers submitted to the thematic session of the Sociological Congress in Wroc\u0142aw (2019) [&hellip;]<\/p>\n","protected":false},"author":7,"featured_media":0,"parent":0,"menu_order":0,"comment_status":"closed","ping_status":"closed","template":"page-ssm.php","meta":[],"_links":{"self":[{"href":"https:\/\/pts.org.pl\/en\/wp-json\/wp\/v2\/pages\/4207"}],"collection":[{"href":"https:\/\/pts.org.pl\/en\/wp-json\/wp\/v2\/pages"}],"about":[{"href":"https:\/\/pts.org.pl\/en\/wp-json\/wp\/v2\/types\/page"}],"author":[{"embeddable":true,"href":"https:\/\/pts.org.pl\/en\/wp-json\/wp\/v2\/users\/7"}],"replies":[{"embeddable":true,"href":"https:\/\/pts.org.pl\/en\/wp-json\/wp\/v2\/comments?post=4207"}],"version-history":[{"count":24,"href":"https:\/\/pts.org.pl\/en\/wp-json\/wp\/v2\/pages\/4207\/revisions"}],"predecessor-version":[{"id":6409,"href":"https:\/\/pts.org.pl\/en\/wp-json\/wp\/v2\/pages\/4207\/revisions\/6409"}],"wp:attachment":[{"href":"https:\/\/pts.org.pl\/en\/wp-json\/wp\/v2\/media?parent=4207"}],"curies":[{"name":"wp","href":"https:\/\/api.w.org\/{rel}","templated":true}]}}