{"id":325,"date":"2016-03-31T20:14:54","date_gmt":"2016-03-31T20:14:54","guid":{"rendered":"http:\/\/www.pts.org.pl\/?page_id=325"},"modified":"2025-10-17T08:42:33","modified_gmt":"2025-10-17T08:42:33","slug":"oddzial-krakowski-pts","status":"publish","type":"page","link":"https:\/\/pts.org.pl\/en\/oddzialy\/oddzial-krakowski-pts\/","title":{"rendered":"(Polski) Oddzia\u0142 Krakowski PTS"},"content":{"rendered":"<div class=\"fcbkbttn_buttons_block\" id=\"fcbkbttn_left\"><div class=\"fcbkbttn_button\">\n                            <a href=\"https:\/\/www.facebook.com\/\" target=\"_blank\">\n                                <img src=\"https:\/\/pts.org.pl\/wp-content\/plugins\/facebook-button-plugin\/images\/standard-facebook-ico.png\" alt=\"Fb-Button\" \/>\n                            <\/a>\n                        <\/div><div class=\"fcbkbttn_like \"><fb:like href=\"https:\/\/pts.org.pl\/en\/oddzialy\/oddzial-krakowski-pts\/\" action=\"like\" colorscheme=\"light\" layout=\"button_count\"  size=\"small\"><\/fb:like><\/div><\/div><p><strong>The Krakow Section of the Polish Sociological Association <\/strong>brings together over a hundred sociologists, mostly from the Ma\u0142opolska region. The Krakow Section\u2019s activities focus on popularising sociological knowledge by organising debates, open meetings and seminars. We collaborate with thematic sections of the Polish Sociological Association, various research institutions, non-governmental organisations, cultural and educational institutions and local authorities and communities. While choosing topics for our meetings, we draw inspiration from both the most current sociological debates and issues relevant to local communities, society and various social actors. OK PTS also organises the Sociological Evenings series, where we discuss various key sociological topics with invited experts.<\/p>\n<p>In 2020, due to the coronavirus pandemic, we moved our activities online. The events we co-organised included those directly responding to the challenges and social processes associated with the pandemic:<\/p>\n<ul>\n<li>\u201cUrban tourism during and after the pandemic\u201d \u2013 a seminar of the PTS Urban Sociology Section<\/li>\n<li>&#8220;About education in a pandemic and beyond. Discussion on the report <em>Beyond the Horizon. Course on education<\/em>&#8221; \u2013 part of the Sociological Evenings series with Jerzy Hausner (Krakow Univeristy of Economics), Barbara Worek (Jagiellonian University) Oktawia Gorzelska (Educational Leadership Academy) and Piotr D\u0142ugosz (Pedagogical Univeristy of Krakow)<\/li>\n<li>\u201cCities are dead, let the cities live? Housing mobility, developers&#8217; activity and local housing policies and the trace of urbanisation in Poland (in the unexpected conditions of a pandemic)&#8221; \u2013 a discussion within the Sociological Evenings series with Katarzyna Kajdanek, PhD, Prof. UWr.<\/li>\n<\/ul>\n<p>All individuals, organisations and institutions interested in cooperation are welcome to contact us.<\/p>\n<p><strong>Board of OK PTS (2019-2022)<\/strong><\/p>\n<p>Katarzyna Zieli\u0144ska &#8211; President<\/p>\n<p>Justyna Struzik &#8211; Deputy President<\/p>\n<p>Rados\u0142aw Tyra\u0142a &#8211; Deputy President<\/p>\n<p>Ewa Kopczy\u0144ska &#8211; Treasurer<\/p>\n<p>Marcin Zwier\u017cd\u017cy\u0144ski &#8211; Secretary<\/p>\n<p>Marta Smagacz-Poziemska &#8211; Member of the Board<\/p>\n<p>Marta Juza &#8211; Member of the Board<\/p>\n<p>Ewelina Ciaputa &#8211; Member of the Board<\/p>\n<p><strong>Audit Committee<\/strong><\/p>\n<p>Jolanta Perek-Bia\u0142as<\/p>\n<p>Tomasz Pir\u00f3g<\/p>\n<p>Tadeusz Soza\u0144ski<\/p>\n<p>The most current information about OK PTS activities is available on the website: https:\/\/www.facebook.com\/OK.PTS<\/p>\n<p>E-mail: oddzialkrakowski@pts.org.pl<\/p>","protected":false},"excerpt":{"rendered":"<p>The Krakow Section of the Polish Sociological Association brings together over a hundred sociologists, mostly from the Ma\u0142opolska region. The Krakow Section\u2019s activities focus on popularising sociological knowledge by organising debates, open meetings and seminars. We collaborate with thematic sections of the Polish Sociological Association, various research institutions, non-governmental organisations, cultural and educational institutions and [&hellip;]<\/p>\n","protected":false},"author":7,"featured_media":0,"parent":13,"menu_order":0,"comment_status":"closed","ping_status":"closed","template":"page-okrakow.php","meta":[],"_links":{"self":[{"href":"https:\/\/pts.org.pl\/en\/wp-json\/wp\/v2\/pages\/325"}],"collection":[{"href":"https:\/\/pts.org.pl\/en\/wp-json\/wp\/v2\/pages"}],"about":[{"href":"https:\/\/pts.org.pl\/en\/wp-json\/wp\/v2\/types\/page"}],"author":[{"embeddable":true,"href":"https:\/\/pts.org.pl\/en\/wp-json\/wp\/v2\/users\/7"}],"replies":[{"embeddable":true,"href":"https:\/\/pts.org.pl\/en\/wp-json\/wp\/v2\/comments?post=325"}],"version-history":[{"count":31,"href":"https:\/\/pts.org.pl\/en\/wp-json\/wp\/v2\/pages\/325\/revisions"}],"predecessor-version":[{"id":7725,"href":"https:\/\/pts.org.pl\/en\/wp-json\/wp\/v2\/pages\/325\/revisions\/7725"}],"up":[{"embeddable":true,"href":"https:\/\/pts.org.pl\/en\/wp-json\/wp\/v2\/pages\/13"}],"wp:attachment":[{"href":"https:\/\/pts.org.pl\/en\/wp-json\/wp\/v2\/media?parent=325"}],"curies":[{"name":"wp","href":"https:\/\/api.w.org\/{rel}","templated":true}]}}