{"id":321,"date":"2016-03-31T20:03:26","date_gmt":"2016-03-31T20:03:26","guid":{"rendered":"http:\/\/www.pts.org.pl\/?page_id=321"},"modified":"2021-01-08T09:31:44","modified_gmt":"2021-01-08T09:31:44","slug":"oddzial-poznanski-pts","status":"publish","type":"page","link":"https:\/\/pts.org.pl\/en\/oddzialy\/oddzial-poznanski-pts\/","title":{"rendered":"Poznan Department"},"content":{"rendered":"<div class=\"fcbkbttn_buttons_block\" id=\"fcbkbttn_left\"><div class=\"fcbkbttn_button\">\n                            <a href=\"https:\/\/www.facebook.com\/\" target=\"_blank\">\n                                <img src=\"https:\/\/pts.org.pl\/wp-content\/plugins\/facebook-button-plugin\/images\/standard-facebook-ico.png\" alt=\"Fb-Button\" \/>\n                            <\/a>\n                        <\/div><div class=\"fcbkbttn_like \"><fb:like href=\"https:\/\/pts.org.pl\/en\/oddzialy\/oddzial-poznanski-pts\/\" action=\"like\" colorscheme=\"light\" layout=\"button_count\"  size=\"small\"><\/fb:like><\/div><\/div><p><span style=\"font-weight: inherit; font-style: inherit;\">The Pozna\u0144 Branch of The Polish Sociological Association comes from the tradition of sociological society established by Florian Znaniecki in 1920s. The Pozna\u0144 Branch flourished, becoming an organizational platform of intensive scientific life in 1980s. The branch organized meetings and discussions of gathered students and intellectuals critical about the real socialism regime, that ruled Poland those days. This tradition has expanded and today about 40 members of the branch are active in several fields. Conferences and workshops are organized and mostly focused on the problems of Central and Eastern Europe, urban sociology and migration. The branch published several books:\u00a0\u00a0<\/span><\/p>\n<p><span style=\"font-weight: inherit; font-style: inherit;\">\u00a0<\/span><\/p>\n<p><i><em style=\"font-weight: inherit;\"><span style=\"font-weight: inherit; font-style: inherit;\">Declining cities\/ developing cities: Polish and German perspectives<\/span><\/em><\/i><span style=\"font-weight: inherit; font-style: inherit;\">, Nowak, Marek; Nowosielski, Michal (Ed.), Poznan: Instytut Zachodni, 2008: <\/span><span style=\"font-weight: inherit; font-style: inherit;\"><b><a style=\"font-style: inherit;\" href=\"http:\/\/www.ssoar.info\/ssoar\/View\/?resid=5666%5F=en\"><span style=\"font-weight: inherit; font-style: inherit;\">http:\/\/www.ssoar.info\/ssoar\/View\/?resid=5666&amp;lang=en<\/span><\/a><\/b><\/span><span style=\"font-weight: inherit; font-style: inherit;\">);<\/span><\/p>\n<p><span style=\"font-weight: inherit; font-style: inherit;\">Nowak, Marek \/ Nowosielski, Michal (eds.), <i><em style=\"font-weight: inherit;\">(Post)transformational Migration. <\/em><\/i><\/span><i><em style=\"font-weight: inherit;\"><span style=\"font-weight: inherit; font-style: inherit;\">Inequalities, Welfare State, and Horizontal Mobility<\/span><\/em><\/i><span style=\"font-weight: inherit; font-style: inherit;\">. <\/span><span style=\"font-weight: inherit; font-style: inherit;\">Series: DIA-LOGOS, P. Lang Publisher;<\/span><\/p>\n<p><span style=\"font-weight: inherit; font-style: inherit;\">Isa\u0144ski, Jakub, Luczys, Piotr, <i><em style=\"font-weight: inherit;\">Selling One\u2019s Favourite Piano to Emigrate: Mobility Patterns in Central Europe at the Beginning of the 21st Century<\/em><\/i>, Cambridge and Scholars Publishers, Cambridge 2011.<\/span><\/p>\n<p><span style=\"font-weight: inherit; font-style: inherit;\">\u00a0<\/span><\/p>\n<p><span style=\"font-weight: inherit; font-style: inherit;\">Please visit our page: <\/span><span style=\"font-weight: inherit; font-style: inherit;\"><b><a style=\"font-style: inherit;\" href=\"http:\/\/www.psa.amu.edu.pl\/\"><span style=\"font-weight: inherit; font-style: inherit;\">http:\/\/www.psa.amu.edu.pl\/<\/span><\/a><\/b><\/span><\/p>\n<p><span style=\"font-weight: inherit; font-style: inherit;\">\u00a0<\/span><\/p>\n<p><b><strong style=\"font-style: inherit;\"><span style=\"font-weight: inherit; font-style: inherit;\">Contact:<\/span><\/strong><\/b><\/p>\n<p><span style=\"font-weight: inherit; font-style: inherit;\">Marek Nowak<\/span><\/p>\n<p><span style=\"font-weight: inherit; font-style: inherit;\">Institue of Sociology<\/span><\/p>\n<p><span style=\"font-weight: inherit; font-style: inherit;\">Adam Mickiewicz University<\/span><\/p>\n<p><span style=\"font-weight: inherit; font-style: inherit;\">Szamarzewskiego str. 89 building c,<\/span><\/p>\n<p><span style=\"font-weight: inherit; font-style: inherit;\">Room 126<\/span><\/p>\n<p><span style=\"font-weight: inherit; font-style: inherit;\">Pozna\u0144, Poland<\/span><\/p>\n<p><span style=\"font-weight: inherit; font-style: inherit;\">\u00a0<\/span><\/p>\n<p><b><strong style=\"font-style: inherit;\"><span style=\"font-weight: inherit; font-style: inherit;\">Current Board of the Pozna\u0144 Branch of the Polish Sociological Association:<br \/>\n<\/span><\/strong><\/b><span style=\"font-weight: inherit; font-style: inherit;\">Marek Nowak\u00a0(Chairman):\u00a0<\/span><span style=\"font-weight: inherit; font-style: inherit;\"><b><a style=\"font-style: inherit;\" href=\"mailto:Marek.Nowak@amu.edu.pl\"><span style=\"font-weight: inherit; font-style: inherit;\">Marek.Nowak@amu.edu.pl<\/span><\/a><\/b><\/span><span style=\"font-weight: inherit; font-style: inherit;\"><br \/>\nPiotr Matczak\u00a0(Vice-chairman):\u00a0<\/span><span style=\"font-weight: inherit; font-style: inherit;\"><b><a style=\"font-style: inherit;\" href=\"mailto:matczak@amu.edu.pl\"><span style=\"font-weight: inherit; font-style: inherit;\">matczak@amu.edu.pl<\/span><\/a><\/b><\/span><span style=\"font-weight: inherit; font-style: inherit;\"><br \/>\nPiotr Luczys\u00a0(Secretary):\u00a0<\/span><span style=\"font-weight: inherit; font-style: inherit;\"><b><a style=\"font-style: inherit;\" href=\"mailto:lurys-granat@wp.pl\"><span style=\"font-weight: inherit; font-style: inherit;\">lurys-granat@wp.pl<\/span><\/a><\/b><\/span><span style=\"font-weight: inherit; font-style: inherit;\"><br \/>\nMaciej Fr\u0105ckowiak\u00a0(Member of the Board):\u00a0<\/span><span style=\"font-weight: inherit; font-style: inherit;\"><b><a style=\"font-style: inherit;\" href=\"mailto:adv@3made.eu\"><span style=\"font-weight: inherit; font-style: inherit;\">adv@3made.eu<\/span><\/a><\/b><\/span><span style=\"font-weight: inherit; font-style: inherit;\">\u00a0<\/span><\/p>\n<p><span style=\"font-weight: inherit; font-style: inherit;\">\u00a0<\/span><\/p>\n<p><span style=\"font-weight: inherit; font-style: inherit;\"><b><strong style=\"font-style: inherit;\">\u00a0History of Poznan Department of PSA<\/strong><\/b><\/span><\/p>\n<p><span style=\"font-weight: inherit; font-style: inherit;\">The history of Polish sociology is closely tied with Pozna\u0144.<\/span><span style=\"font-weight: inherit; font-style: inherit;\"> Outstanding scholars resided here: Florian Znaniecki, Janusz Zi\u00f3\u0142kowski, Stanis\u0142aw Kozyr-Kowalski, Tadeusz Szczurkiewicz, J\u00f3zef Cha\u0142asi\u0144ski, Andrzej Malewski, Zbigniew Tyszka, Zygmunt Dulczewski, W\u0142adys\u0142aw Markiewicz, Andrzej Kwilecki. In the period between the First and the Second World Wars, institutional basis was established for sociology development, in terms of teaching and research. Two main periodicals were founded: \u201eRuch Prawniczy, Ekonomiczny i Socjologiczny\u201d (established in 1925, earlier \u2013 from 1921 under the name of \u201eRuch Prawniczy i Ekonomiczny\u201d) and \u201ePrzegl\u0105d Socjologiczny\u201d (established in 1930). Also the first congress of sociology took place in Pozna\u0144 in 1930. In 1921 Instytut Sociologiczny (Sociological Institute) was created, renamed in 1927 to Polski Instytut Socjologiczny (Polish Sociological Institute). It was the initiative leading to the establishment of \u201cPolskie Towarzystwo Socjologiczne\u201d (Polish Sociological Association) in 1931. The Association was active until the Second World War, and its tradition was revitalised and the Association was re-established in 1957. In 1920s the research stream based on diary method has been initiated connected with urban studies. These studies continued after the Second World War, together with studies on the Western and Northern lands incorporated into Polish territory after the Second World War, studies on education, family, labour and industrialization. The studies were carried through regional chamber of the Polish Sociological Association, established in Pozna\u0144 in 1959 (the second in Poland, after Warsaw). However, in the period 1953-67 sociology was not taught in Pozna\u0144. It was difficult time for academic sociology in Poland. Nevertheless, in 1965 the Sociology Unit was established based on the Sociography Section working at the Institute for Western Affaires. The Pozna\u0144 Branch of the Polish Sociological Association had strong ties with the Institute for Western Affaires those days. It resulted with the conference summarising studies on the Western and Northern lands incorporated into Polish territory after the Second World War (in 1968) and the 4<sup style=\"font-weight: inherit; font-style: inherit;\">th<\/sup> National Sociological Congress (in 1969). Professors Andrzej Kwilecki and Janusz Zi\u00f3\u0142kowski wrote in 1981: \u201cthe founder and the first chairman of Pozna\u0144 Bench of the Polish Sociological Association was Tadeusz Szczurkiewicz, and later the chairmen were: W\u0142adys\u0142aw Markiewicz, Zygmunt Dulczewski, Andrzej Kwilecki, Frnaciszek Krzyka\u0142a, Stefan Budny i Marek Zi\u00f3\u0142kowski. The Sociological Commission of Pozna\u0144 Society of Friends of Science and Art cooperates with the Polish Sociological Association in organizing lectures.\u201d Many distinguished guests from Poland and other countries participated and gave speeches. For example, Alain Touraine, to mention just one. Today meetings are organized in cooperation with Sociological Institute Adam Mickiewicz Univ., Polish Philosophical Association, Revitalisation Forum and other organisations. The tradition of organising lectures and discussions is alive.<\/span><\/p>","protected":false},"excerpt":{"rendered":"<p>The Pozna\u0144 Branch of The Polish Sociological Association comes from the tradition of sociological society established by Florian Znaniecki in 1920s. The Pozna\u0144 Branch flourished, becoming an organizational platform of intensive scientific life in 1980s. The branch organized meetings and discussions of gathered students and intellectuals critical about the real socialism regime, that ruled Poland [&hellip;]<\/p>\n","protected":false},"author":7,"featured_media":0,"parent":13,"menu_order":0,"comment_status":"closed","ping_status":"closed","template":"page-opoznan.php","meta":[],"_links":{"self":[{"href":"https:\/\/pts.org.pl\/en\/wp-json\/wp\/v2\/pages\/321"}],"collection":[{"href":"https:\/\/pts.org.pl\/en\/wp-json\/wp\/v2\/pages"}],"about":[{"href":"https:\/\/pts.org.pl\/en\/wp-json\/wp\/v2\/types\/page"}],"author":[{"embeddable":true,"href":"https:\/\/pts.org.pl\/en\/wp-json\/wp\/v2\/users\/7"}],"replies":[{"embeddable":true,"href":"https:\/\/pts.org.pl\/en\/wp-json\/wp\/v2\/comments?post=321"}],"version-history":[{"count":20,"href":"https:\/\/pts.org.pl\/en\/wp-json\/wp\/v2\/pages\/321\/revisions"}],"predecessor-version":[{"id":5002,"href":"https:\/\/pts.org.pl\/en\/wp-json\/wp\/v2\/pages\/321\/revisions\/5002"}],"up":[{"embeddable":true,"href":"https:\/\/pts.org.pl\/en\/wp-json\/wp\/v2\/pages\/13"}],"wp:attachment":[{"href":"https:\/\/pts.org.pl\/en\/wp-json\/wp\/v2\/media?parent=321"}],"curies":[{"name":"wp","href":"https:\/\/api.w.org\/{rel}","templated":true}]}}