{"id":208,"date":"2016-03-31T08:37:47","date_gmt":"2016-03-31T08:37:47","guid":{"rendered":"http:\/\/www.pts.org.pl\/?page_id=208"},"modified":"2025-10-10T10:07:41","modified_gmt":"2025-10-10T10:07:41","slug":"sekcja-socjologii-etnicznosci","status":"publish","type":"page","link":"https:\/\/pts.org.pl\/en\/sekcje\/sekcja-socjologii-etnicznosci\/","title":{"rendered":"(Polski) Sekcja Socjologii Etniczno\u015bci"},"content":{"rendered":"<div class=\"fcbkbttn_buttons_block\" id=\"fcbkbttn_left\"><div class=\"fcbkbttn_button\">\n                            <a href=\"https:\/\/www.facebook.com\/\" target=\"_blank\">\n                                <img src=\"https:\/\/pts.org.pl\/wp-content\/plugins\/facebook-button-plugin\/images\/standard-facebook-ico.png\" alt=\"Fb-Button\" \/>\n                            <\/a>\n                        <\/div><div class=\"fcbkbttn_like \"><fb:like href=\"https:\/\/pts.org.pl\/en\/sekcje\/sekcja-socjologii-etnicznosci\/\" action=\"like\" colorscheme=\"light\" layout=\"button_count\"  size=\"small\"><\/fb:like><\/div><\/div><p><strong>Our initiative brings down to<\/strong> creating a platform upon which to integrate the circle of sociologists dealing with ethnicity issues (participation in scientific meetings, seminars, etc.) as well as to organise and support enterprises devoted to these questions (i.a. conferences, symposia, lectures, publications).<\/p>\n<p>As scholars, we are concentrated on such phenomena as: minorities, identity, neighbourships, migrations, multiculturalism, Central-Europeanness as well as various movements, collectivities \u2013 analysed in an ethnic and nationalities context. By means of our initiative, we make reference to the XIX-century, Central European sociology which used to devote much more attention to the problems of nationalities than the Western European thinkers did. Through the operation of the Section of the Sociology of Ethnicity, we intend to create an opportunity for the members of the PSA to broaden the spectrum of their activity by the problems which still, in spite of the global pressure, have not lost validity.<\/p>\n<p>The Section of the Sociology of Ethnicity came into being on 28 February 2014.<\/p>\n<p>Its present Executive Board, elected on 13 September 2019, comprises:<\/p>\n<ul>\n<li>Kamilla Doli\u0144ska (Wroc\u0142aw Branch of PSA) \u2013 chair<\/li>\n<li>Marcin D\u0119bicki (Wroc\u0142aw Branch of PSA) \u2013 vice chair<\/li>\n<li>Bo\u017cena Pactwa (Katowice Branch of PSA) \u2013 vice chair<\/li>\n<li>Justyna Kajta (Wroc\u0142aw Branch of PSA) \u2013 secretary<\/li>\n<li>Natalia Nied\u017awiecka-Iwa\u0144czak (Wroc\u0142aw Branch of PSA) \u2013 treasurer<\/li>\n<li>Zuzanna Brunarska (Warsaw Branch of PSA) \u2013 member of the Board<\/li>\n<li>Artur Wysocki (Lublin Branch of PSA) \u2013 member of the Board<\/li>\n<\/ul>\n<p><strong>\u00a0<\/strong><\/p>\n<p>Contact:\u00a0<a href=\"https:\/\/poczta.wp.pl\/k\/\">etnicznosc.pts@gmail.com<\/a><\/p>\n<p>***<\/p>\n<p>Information on our activity can be found at the Section\u2019s FB profile (<a href=\"https:\/\/www.facebook.com\/sse.pts\">https:\/\/www.facebook.com\/sse.pts<\/a>) and on the websites of the PSA Departments whose members are active in our Section (e.g.\u00a0<a href=\"http:\/\/www.pts.wroclaw.pl\/\">http:\/\/www.pts.wroclaw.pl<\/a>).<\/p>\n<p><strong>\u00a0<\/strong><\/p>\n<p><strong>ENTERPRISES ACCOMPLISHED:<\/strong><\/p>\n<ul>\n<li>3\u20134 December 2020 \u2013 organisation of the scientific conference \u2018Wielokulturowo\u015b\u0107 polskich miast. Teoria, praktyka, polityka\u2019 [Multiculturalism of the Polish Cities. Theory, practice, politics], co-organised by: Institute of Sociology, University of Wroc\u0142aw;<\/li>\n<li>15 December 2019 \u2013 organisation of the meeting, within the frames of the \u2018SocioPerception in Reception\u2019 circle: \u2018Go\u015b\u0107 w dom? O migrantach z Ukrainy w Polsce\u2019 [Welcome Home? On the Migrants from Ukraine in Poland], co-organised by: Wroc\u0142aw Branch of the PSA, Culture Zone Wroc\u0142aw, Wroc\u0142aw Contemporary Museum;<\/li>\n<li>27 November 2019 \u2013 organisation of the scientific conference \u201830 lat pojednania polsko-niemieckiego. Sukcesy i wyzwania\u2019 [30 Years of the Polish-German Reconciliation. Success and Challenges], co-organised by: Department of Strategic and European Studies, Institute of International Studies, University of Wroc\u0142aw and Centre for Regional and Borderlands Studies;<\/li>\n<li>11\u201314 September 2019 \u2013 organisation of two thematic groups, within the 17th Polish Sociological Congress: \u2018To\u017csamo\u015bci zbiorowe narod\u00f3w Europy \u015arodkowo-Wschodniej\u2019 [Collective Identities of Central and Eastern European Nations], chaired by: Ryszard Radzik, Institute of Philosophy and Sociology of the Maria Grzegorzewska University in Warsaw, Artur Wysocki, Institute of Sociology, the Maria Curie-Sk\u0142odowska University in Lublin; \u2018Heterogeniczno\u015b\u0107 postaw wobec migrant\u00f3w i mniejszo\u015bci etnicznych\u2019 [Heterogeneity of attitudes to migrants and ethnic minorities], chaired by: Zuzanna Brunarska, Centre of Migration Research, University of Warsaw and Aneta Piekut, Sheffield Methods Institute, University of Sheffield;<\/li>\n<li>7 June 2019 \u2013 organisation of a reading by prof. Beata Halicka and prof. Zbigniew Anthony Kruszewski on the book \u2018Life in Borderlands. Zbigniew Anthony Kruszewski. Biography\u2019, co-organised by: Centre for Regional and Borderlands Studies<\/li>\n<li>4\u20135 April 2019 \u2013 organisation of the scientific conference \u2018S\u0105siedztwa III RP \u2013 Niemcy\u2019 [Polish Neighbourships \u2013 Germany], co-organised by: Institute of Sociology, University of Wroc\u0142aw;<\/li>\n<li>18 November 2018 \u2013 organisation of the meeting, within the frames of the \u2018SocioPerception in Reception\u2019 circle: \u2018Patriotyzm wsp\u00f3\u0142cze\u015bnie\u2019 [Patriotism today], co-organised by: Wroc\u0142aw Branch of the PSA, Wroc\u0142aw Contemporary Museum, Culture Zone Wroc\u0142aw;<\/li>\n<li>7\u20138 June 2018 \u2013 organisation of the scientific conference \u2018Religia w spo\u0142ecznym kontek\u015bcie: etniczno\u015b\u0107 \u2013 kultura \u2013 struktura\u2019 [Religion in a social context: Ethnicity \u2013 Culture \u2013 Structure], co-organised by: Department of Sociology, University of Warmia and Mazury in Olsztyn; Section of the Sociology of Religion of the PSA; Faculty of Theology, University of Warmia and Mazury in Olsztyn;<\/li>\n<li>13 May 2018 \u2013 organisation of the meeting, within the frames of the \u2018Sociological Sundays in Panato Caf\u00e9 circle: \u2018Cud pogranicza?\u2019 [The Miracle of Borderland?], co-organised by: Wroc\u0142aw Branch of the PSA, 2Bfair Foundation, Section of the Sociology of Ethnicity of the PSA and \u00a0Panato Caf\u00e9;<\/li>\n<li>5 April 2018 \u2013 organisation of the scientific conference \u2018S\u0105siedztwa III RP \u2013 Bia\u0142oru\u015b\u2019 [Polish Neighbourships \u2013 Belarus], co-organised by: Institute of Sociology, University of Wroc\u0142aw; Wroc\u0142aw Branch of the PSA;<\/li>\n<li>30 November 2017 \u2013 organisation of the discussion \u2018Europa \u015arodkowa \u2013 literacko, spo\u0142ecznie, etnicznie\u2019 [Central Europe \u2013 literary, socially, ethnically], participated by: dr Marta Cobel-Tokarska, dr hab. Marcin D\u0119bicki and dr Ludwika W\u0142odek, co-organised by: Ethnographic Museum in Wroc\u0142aw;<\/li>\n<li>23\u201324 November 2017 \u2013 organisation of the scientific conference: \u2018Krajobrazy pami\u0119ci w kontekstach spo\u0142ecznych i kulturowych\u2019 [Landscapes of memory in social and cultural contexts], co-organised by: Institute of Sociology, Silesian University in Katowice; Katowice Branch of the PSA;<\/li>\n<li>26 October 2017 \u2013 organisation of the scientific meeting with dr Dariusz Wojakowski \u2018O charakterze narodowym\u2019 [On National Characteristics];<\/li>\n<li>12 December 2016 \u2013 organisation of the scientific meeting with dr Agata Chutnik \u2018Przyjazdy litewskich Polak\u00f3w na studia do Polski. Przemiany to\u017csamo\u015bci\u2019 [The Lithuanian Poles\u2019 Coming for Studies to Poland. Transformations of Identity];<\/li>\n<li>1\u20132 December 2016 \u2013 organisation of the scientific conference \u2018S\u0105siedztwa III RP \u2013 S\u0142owacja\u2019 [Polish Neighbourships \u2013 Slovakia], co-organised by: Institute of Sociology, University of Wroc\u0142aw;<\/li>\n<li>20 March 2016 \u2013 organisation of the meeting within the frames of the \u2018Sociological Sundays in PanatoCaf\u00e9\u2019 circle: \u2018Mi\u0119dzy nami, s\u0105siadami?Niemcy, Czesi i Ukrai\u0144cy \u2013 jak ich widzimy, jak widz\u0105 nas?\u2019 [Among the Neighbours: The Germans, Czechs and Ukrainians \u2013 how do we see them, how do they see us?], co-organised by: Wroc\u0142aw Branch of the Polish Sociological Association, 2Bfair Foundation, Section of the Sociology of Etnicity of the PSA and Panato Caf\u00e9;<\/li>\n<li>2 December 2015 \u2013 organisation of a reading by prof. Beata Halicka: \u2018Polski Dziki Zach\u00f3d. Przymusowe migracje i kulturowe oswajanie Nadodrza<em>, <\/em>1945-48\u2019 [The Polish Wild West. Forced Migrations and Cultural Taming of the Odra-River Land, 1945\u201348], co-organised by: Centre for Regional and Borderlands Studies (OBROP) and Willy Brandt Center for German and European Studies;<\/li>\n<li>23 November 2015 \u2013 organization of the lecture, within the frames of the \u2018Etno-meetings\u2019 circle: \u2018Wielcy Czesi i S\u0142owacy ostatnich 150 lat \u2013 na podstawie analiz prozopograficznych\u2019 [Great Czechs and Slovaks of the last 150 Years \u2013 based on the Prosopographic Analyses], delivered by dr Nicolas Maslowski (Charles University in Prague);<\/li>\n<li>21 October 2015 \u2013 organisation of the lecture, within the frames of the \u201eEthno-meetings\u2019 circle: \u2018Romowie w Czechach i w Polsce u progu XXI wieku\u2019 [Roma People in the Czech Republic and Poland at the Turn of the 21st Century], delivered by dr El\u017cbieta Szyszlak and dr Tomasz Szyszlak (Institute of the International Studies, University of Wroc\u0142aw), co-organised by: Ethnographic Museum in Wroc\u0142aw;<\/li>\n<li>15\u201316 October 2015 \u2013 co-organisation of the scientific conference \u2018S\u0105siedztwa III RP \u2013 Rosja\u2019 [Polish Neighbourships \u2013 Russia], organised by: Department of the Sociology of Borderland, Institute of Sociology, University of Wroc\u0142aw and Section of the Sociology of Ethnicity of the PSA; Wroc\u0142aw Branch of the PSA and Centre for Regional and Borderlands Studies;<\/li>\n<li>19 March 2015 \u2013 organization of the lecture, within the frames of the \u201eEthno-meetings\u201d circle: \u2018Pogranicze kultur. Mi\u0119dzynarodowy Festiwal im. Bruno Schultza jako przyk\u0142ad pojednania, wsp\u00f3\u0142pracy I dialogu pomi\u0119dzy narodami [Borderland of Cultures. The Bruno Schultz International Festival as an Example of Reconciliation, Cooperation and Dialogue between Nations], delivered by Andrij Yurkevych, MA (National Pedagogical University in Drohobych), co-organised by: Ethnographic Museum in Wroc\u0142awiu;<\/li>\n<li>8 December 2014 \u2013 organisation of the lectures, within the frames of the \u2018Ethno-meetings\u2019 circle:\u00a0\u2018Poczucie to\u017csamo\u015bci m\u0142odych Polak\u00f3w na Bia\u0142orusi, Ukrainie i w Republice Czeskiej\u2019 [Sense of Identity of the Young Poles in Ukraine, Belarus and the Czech Republic], delivered by dr hab. Barbara Grabowska (Silesian University), co-organised by Ethnographic Museum in Wroc\u0142aw;<\/li>\n<li>November 2014 \u2013 establishing cooperation with the Ethnographic Museum in Wroc\u0142aw, aiming at organisation of the lectures within the frames of the \u2018Ethno-meetings\u2019 circle, devoted to the phenomena crucial for the Section;<\/li>\n<li>10\u201311 April 2014 \u2013 co-organisation of the scientific conference \u2018S\u0105siedztwa III RP \u2013 Ukraina\u2019 [Polish Neighbourships \u2013 Ukraine].<\/li>\n<\/ul>\n<p><strong>\u00a0<\/strong><\/p>\n<p><strong>\u00a0<\/strong><\/p>","protected":false},"excerpt":{"rendered":"<p>Our initiative brings down to creating a platform upon which to integrate the circle of sociologists dealing with ethnicity issues (participation in scientific meetings, seminars, etc.) as well as to organise and support enterprises devoted to these questions (i.a. conferences, symposia, lectures, publications). As scholars, we are concentrated on such phenomena as: minorities, identity, neighbourships, [&hellip;]<\/p>\n","protected":false},"author":7,"featured_media":0,"parent":15,"menu_order":0,"comment_status":"closed","ping_status":"closed","template":"page-ssiet.php","meta":[],"_links":{"self":[{"href":"https:\/\/pts.org.pl\/en\/wp-json\/wp\/v2\/pages\/208"}],"collection":[{"href":"https:\/\/pts.org.pl\/en\/wp-json\/wp\/v2\/pages"}],"about":[{"href":"https:\/\/pts.org.pl\/en\/wp-json\/wp\/v2\/types\/page"}],"author":[{"embeddable":true,"href":"https:\/\/pts.org.pl\/en\/wp-json\/wp\/v2\/users\/7"}],"replies":[{"embeddable":true,"href":"https:\/\/pts.org.pl\/en\/wp-json\/wp\/v2\/comments?post=208"}],"version-history":[{"count":13,"href":"https:\/\/pts.org.pl\/en\/wp-json\/wp\/v2\/pages\/208\/revisions"}],"predecessor-version":[{"id":7694,"href":"https:\/\/pts.org.pl\/en\/wp-json\/wp\/v2\/pages\/208\/revisions\/7694"}],"up":[{"embeddable":true,"href":"https:\/\/pts.org.pl\/en\/wp-json\/wp\/v2\/pages\/15"}],"wp:attachment":[{"href":"https:\/\/pts.org.pl\/en\/wp-json\/wp\/v2\/media?parent=208"}],"curies":[{"name":"wp","href":"https:\/\/api.w.org\/{rel}","templated":true}]}}