{"id":196,"date":"2016-03-30T20:34:13","date_gmt":"2016-03-30T20:34:13","guid":{"rendered":"http:\/\/www.pts.org.pl\/?page_id=196"},"modified":"2025-11-06T09:29:48","modified_gmt":"2025-11-06T09:29:48","slug":"sekcja-socjologii-ekonomicznej","status":"publish","type":"page","link":"https:\/\/pts.org.pl\/en\/sekcje\/sekcja-socjologii-ekonomicznej\/","title":{"rendered":"Section of Economic Sociology"},"content":{"rendered":"<div class=\"fcbkbttn_buttons_block\" id=\"fcbkbttn_left\"><div class=\"fcbkbttn_button\">\n                            <a href=\"https:\/\/www.facebook.com\/\" target=\"_blank\">\n                                <img src=\"https:\/\/pts.org.pl\/wp-content\/plugins\/facebook-button-plugin\/images\/standard-facebook-ico.png\" alt=\"Fb-Button\" \/>\n                            <\/a>\n                        <\/div><div class=\"fcbkbttn_like \"><fb:like href=\"https:\/\/pts.org.pl\/en\/sekcje\/sekcja-socjologii-ekonomicznej\/\" action=\"like\" colorscheme=\"light\" layout=\"button_count\"  size=\"small\"><\/fb:like><\/div><\/div><p>Economic sociology is an important subdiscipline of sociology. Economic phenomena that are embedded in social relations are taken as a subject of investigation by various sociological centers. In the last period \u2013 in the context of the weakening of the neo-classical paradigm in economics and of the launching of the embeddedness and related meta-assumptions by sociology \u2013 the sociological treatment of economic processes underwent a considerable revival. Conferences are being organized on this topic, and publications keep coming hot off the press.\u00a0In Poland also, there is a number of recognized scholars who are interested in economic sociology, even though an autonomous section within the Polish Sociological Association has only recently been constituted.<\/p>\n<p><span style=\"font-style: inherit; font-weight: inherit;\">Within the framework of this section, we aim to give an answer to the following questions: To what extent, the contemporarily exercised economic sociology leads to the economization of the sociological imagination? Is this process accompanied by the parallel effect of sociology on economy and related disciplines in social sciences (such as accounting) and the subsequent sociologization of economy?<\/span><\/p>\n<p><span style=\"font-style: inherit; font-weight: inherit;\">\u00a0<\/span><\/p>\n<p><strong>Workshops: Bringing the New Economic Sociology Back Into the Sociological Analysis<\/strong><\/p>\n<ul>\n<li><a href=\"http:\/\/economy-and-society.uw.edu.pl\/\" target=\"_blank\" rel=\"noopener noreferrer\">Normativity, Morality &amp; Projectivity: Research and Emancipation of Economic Life,<\/a>\u00a0Warsaw, 17-19 September 2020 [<em>the workshow will be part of the ESA Research Network Economic Sociology midterm conference<\/em>]<\/li>\n<li><a href=\"http:\/\/economy-and-society.uw.edu.pl\/\" target=\"_blank\" rel=\"noopener noreferrer\">Economy &amp; the Possible: Alternative, Missed and Reified Futures in Contemporary Society,<\/a>\u00a0Warsaw, 20-21 May 2019.<\/li>\n<li><a href=\"http:\/\/pts.org.pl\/en\/english-cfp-exit-voice-and-loyalty-alternative-economic-models-and-responses-to-decline-in-contemporary-society\/\" target=\"_blank\" rel=\"noopener noreferrer\"><span class=\"il\">Exit<\/span>, <span class=\"il\">Voice<\/span> and Loyalty: Alternative Economic Models and Responses to Decline in Contemporary Society<\/a>, Warsaw, 21-22 May 2018.<\/li>\n<li><a href=\"http:\/\/pts.org.pl\/en\/english-cfp-new-economic-sociology-and-sociology-where-do-they-meet-where-do-they-diverge\/\" target=\"_blank\" rel=\"noopener noreferrer\">New Economic Sociology and Sociology: Where Do They Meet? Where Do They Diverge? <\/a>Warsaw, 22-23 May 2017.<\/li>\n<\/ul>\n<p><strong>Board<\/strong><\/p>\n<ul>\n<li><a href=\"http:\/\/www.ifispan.pl\/en\/members\/molcon-kubickaifispan-waw-pl\/\">Marta Olco\u0144-Kubicka<\/a>\u00a0(Polish Academy of Sciences) &#8212; chair<\/li>\n<li><a href=\"https:\/\/skos.agh.edu.pl\/osoba\/maria-nawojczyk-5847.html\">Maria Nawojczyk<\/a>\u00a0(AGH University of Science and Technology) &#8212; vice-chair<\/li>\n<li><a href=\"http:\/\/adrianamica.bio.uw.edu.pl\/\">Adriana Mic<\/a><a href=\"http:\/\/adrianamica.bio.uw.edu.pl\/\">a<\/a>\u00a0(University of Warsaw) &#8212;\u00a0secretary<\/li>\n<li><a href=\"http:\/\/wns.ug.edu.pl\/pracownik\/1417\/elzbieta_kolasinska\">El\u017cbieta Ko\u0142asi\u0144ska<\/a> (University of Gdansk) &#8212;\u00a0member<\/li>\n<li><a href=\"http:\/\/jis.uw.edu.pl\/wykladowca\/mikolaj-lewicki\/\">Miko\u0142aj Lewicki<\/a>\u00a0(University of Wwarsaw) &#8212; member<\/li>\n<li><a href=\"https:\/\/gap.uek.krakow.pl\/dr-magdalena-zdun\/\">Magdalena Zdun<\/a> (Cracow University of Economics) &#8212; member<\/li>\n<\/ul>\n<p><\/p>","protected":false},"excerpt":{"rendered":"<p>Economic sociology is an important subdiscipline of sociology. Economic phenomena that are embedded in social relations are taken as a subject of investigation by various sociological centers. In the last period \u2013 in the context of the weakening of the neo-classical paradigm in economics and of the launching of the embeddedness and related meta-assumptions by [&hellip;]<\/p>\n","protected":false},"author":7,"featured_media":0,"parent":15,"menu_order":0,"comment_status":"closed","ping_status":"closed","template":"page-ssie.php","meta":[],"_links":{"self":[{"href":"https:\/\/pts.org.pl\/en\/wp-json\/wp\/v2\/pages\/196"}],"collection":[{"href":"https:\/\/pts.org.pl\/en\/wp-json\/wp\/v2\/pages"}],"about":[{"href":"https:\/\/pts.org.pl\/en\/wp-json\/wp\/v2\/types\/page"}],"author":[{"embeddable":true,"href":"https:\/\/pts.org.pl\/en\/wp-json\/wp\/v2\/users\/7"}],"replies":[{"embeddable":true,"href":"https:\/\/pts.org.pl\/en\/wp-json\/wp\/v2\/comments?post=196"}],"version-history":[{"count":55,"href":"https:\/\/pts.org.pl\/en\/wp-json\/wp\/v2\/pages\/196\/revisions"}],"predecessor-version":[{"id":7821,"href":"https:\/\/pts.org.pl\/en\/wp-json\/wp\/v2\/pages\/196\/revisions\/7821"}],"up":[{"embeddable":true,"href":"https:\/\/pts.org.pl\/en\/wp-json\/wp\/v2\/pages\/15"}],"wp:attachment":[{"href":"https:\/\/pts.org.pl\/en\/wp-json\/wp\/v2\/media?parent=196"}],"curies":[{"name":"wp","href":"https:\/\/api.w.org\/{rel}","templated":true}]}}