{"id":191,"date":"2016-03-30T20:32:02","date_gmt":"2016-03-30T20:32:02","guid":{"rendered":"http:\/\/www.pts.org.pl\/?page_id=191"},"modified":"2026-02-27T13:31:32","modified_gmt":"2026-02-27T13:31:32","slug":"sekcja-socjologii-nauki","status":"publish","type":"page","link":"https:\/\/pts.org.pl\/en\/sekcje\/sekcja-socjologii-nauki\/","title":{"rendered":"Section of Science Sociology"},"content":{"rendered":"<div class=\"fcbkbttn_buttons_block\" id=\"fcbkbttn_left\"><div class=\"fcbkbttn_button\">\n                            <a href=\"https:\/\/www.facebook.com\/\" target=\"_blank\">\n                                <img src=\"https:\/\/pts.org.pl\/wp-content\/plugins\/facebook-button-plugin\/images\/standard-facebook-ico.png\" alt=\"Fb-Button\" \/>\n                            <\/a>\n                        <\/div><div class=\"fcbkbttn_like \"><fb:like href=\"https:\/\/pts.org.pl\/en\/sekcje\/sekcja-socjologii-nauki\/\" action=\"like\" colorscheme=\"light\" layout=\"button_count\"  size=\"small\"><\/fb:like><\/div><\/div>\n<hr class=\"wp-block-separator\"\/>\n\n\n\n<p><span style=\"font-weight: inherit; font-style: inherit;\">The section was established in 1974. Its activities such as conference organization and publications are centred around following issues: relationship between science and societies, knowledge production, organization of science,&nbsp;epistemological problems of scientific description, interpretation and cognition.<\/span><\/p>\n\n\n\n<p><span style=\"font-weight: inherit; font-style: inherit;\">Section\u2019s board comprises: Agnieszka Kolasa-Nowak&nbsp;(chair), Tomasz Zarycki, Arkadiusz Jab\u0142o\u0144ski, Tomasz Peciakowski (secretary), Katarzyna Iwi\u0144ska, Joanna Wyle\u017ca\u0142ek. Contact details: <a href=\"mailto:akolasa@umcs.lublin.pl\">akolasa@hektor.umcs.lublin.pl<\/a>; <a href=\"mailto:tomasz.peciakowski@kul.pl\">tomasz.peciakowski@kul.pl<\/a>.<\/span><b><\/b><\/p>","protected":false},"excerpt":{"rendered":"<p>The section was established in 1974. Its activities such as conference organization and publications are centred around following issues: relationship between science and societies, knowledge production, organization of science,&nbsp;epistemological problems of scientific description, interpretation and cognition. Section\u2019s board comprises: Agnieszka Kolasa-Nowak&nbsp;(chair), Tomasz Zarycki, Arkadiusz Jab\u0142o\u0144ski, Tomasz Peciakowski (secretary), Katarzyna Iwi\u0144ska, Joanna Wyle\u017ca\u0142ek. Contact details: akolasa@hektor.umcs.lublin.pl; [&hellip;]<\/p>\n","protected":false},"author":7,"featured_media":0,"parent":15,"menu_order":0,"comment_status":"closed","ping_status":"closed","template":"page-ssn.php","meta":[],"_links":{"self":[{"href":"https:\/\/pts.org.pl\/en\/wp-json\/wp\/v2\/pages\/191"}],"collection":[{"href":"https:\/\/pts.org.pl\/en\/wp-json\/wp\/v2\/pages"}],"about":[{"href":"https:\/\/pts.org.pl\/en\/wp-json\/wp\/v2\/types\/page"}],"author":[{"embeddable":true,"href":"https:\/\/pts.org.pl\/en\/wp-json\/wp\/v2\/users\/7"}],"replies":[{"embeddable":true,"href":"https:\/\/pts.org.pl\/en\/wp-json\/wp\/v2\/comments?post=191"}],"version-history":[{"count":28,"href":"https:\/\/pts.org.pl\/en\/wp-json\/wp\/v2\/pages\/191\/revisions"}],"predecessor-version":[{"id":7966,"href":"https:\/\/pts.org.pl\/en\/wp-json\/wp\/v2\/pages\/191\/revisions\/7966"}],"up":[{"embeddable":true,"href":"https:\/\/pts.org.pl\/en\/wp-json\/wp\/v2\/pages\/15"}],"wp:attachment":[{"href":"https:\/\/pts.org.pl\/en\/wp-json\/wp\/v2\/media?parent=191"}],"curies":[{"name":"wp","href":"https:\/\/api.w.org\/{rel}","templated":true}]}}