{"id":185,"date":"2016-03-30T20:25:05","date_gmt":"2016-03-30T20:25:05","guid":{"rendered":"http:\/\/www.pts.org.pl\/?page_id=185"},"modified":"2025-01-10T12:36:48","modified_gmt":"2025-01-10T12:36:48","slug":"sekcja-pracy-socjalnej","status":"publish","type":"page","link":"https:\/\/pts.org.pl\/en\/sekcje\/sekcja-pracy-socjalnej\/","title":{"rendered":"Section of Social Work"},"content":{"rendered":"<div class=\"fcbkbttn_buttons_block\" id=\"fcbkbttn_left\"><div class=\"fcbkbttn_button\">\n                            <a href=\"https:\/\/www.facebook.com\/\" target=\"_blank\">\n                                <img src=\"https:\/\/pts.org.pl\/wp-content\/plugins\/facebook-button-plugin\/images\/standard-facebook-ico.png\" alt=\"Fb-Button\" \/>\n                            <\/a>\n                        <\/div><div class=\"fcbkbttn_like \"><fb:like href=\"https:\/\/pts.org.pl\/en\/sekcje\/sekcja-pracy-socjalnej\/\" action=\"like\" colorscheme=\"light\" layout=\"button_count\"  size=\"small\"><\/fb:like><\/div><\/div><p><span style=\"font-weight: inherit; font-style: inherit;\"><strong>Section of Social Work<\/strong> \u00a0was formed in 1995 as the initiative of Cracow sociologists of the Institute of the Sociology of Jagiellonian University, most of all by W\u0142adys\u0142aw Kwa\u015bniewicz \u00a0and Krzysztof \u00a0Frysztacki. Rapid development of social workers education on the academic level, as part of the sociological college from the end of the eighties of the 20th century and thorough transformations in the Polish social policy and the welfare after 1989, created the need of reinforcing associations between sociology as field of science and the public practice. The foundations of the Section were caused by the need of building institutional frameworks for all interested in scientific aspects of social work &#8211; also coming from outside the academics environment &#8211; and to the need of inspiring scientists to the deeper interest with issues related to the social work and the welfare. From its first moments the Section actively operates on the field of integrating all persons and groups interested in the social work and creating basis of discussion and exchange of experiences. The members belong both to various scientific and research environments, and those who do the social work. The most important Section members\u2019 factors are among others: a discourse concerning positioning of social work and welfare in the social policy system, and the issue of educating the social work in Poland; as well as the problem of effectiveness of selected means and preferred methods. The Section was forming dedicated groups as part of Polish sociological conventions; and almost from its beginning was also initiating annual conferences and scientific seminars devoted to various aspects of the social work. Many publications were published due to the Section activity, inspired with discussions that are taking place on its forum, most of all in the book series \u201cProblems of the Social Work of the Educational Publication\u201d with significant \u00a0Section members\u2019 contribution. At present the \u00a0Section of the Social Work is consisting of over 100 members and belongs to the most active dedicated sections in the Polish Sociological \u00a0Society. The very first \u00a0Section chairman was Prof. Krzysztof Frysztacki from Jagiellonian University of Cracow, and his successor Prof. Krzysztof Pi\u0105tek stayed with UMK in Toru\u0144, and at present Division is supervised by Prof. Kazimiera W\u00f3dz from University of Silesia in Katowice.<\/span><\/p>\n<p><\/p>","protected":false},"excerpt":{"rendered":"<p>Section of Social Work \u00a0was formed in 1995 as the initiative of Cracow sociologists of the Institute of the Sociology of Jagiellonian University, most of all by W\u0142adys\u0142aw Kwa\u015bniewicz \u00a0and Krzysztof \u00a0Frysztacki. Rapid development of social workers education on the academic level, as part of the sociological college from the end of the eighties of [&hellip;]<\/p>\n","protected":false},"author":7,"featured_media":0,"parent":15,"menu_order":0,"comment_status":"closed","ping_status":"closed","template":"page-sps.php","meta":[],"_links":{"self":[{"href":"https:\/\/pts.org.pl\/en\/wp-json\/wp\/v2\/pages\/185"}],"collection":[{"href":"https:\/\/pts.org.pl\/en\/wp-json\/wp\/v2\/pages"}],"about":[{"href":"https:\/\/pts.org.pl\/en\/wp-json\/wp\/v2\/types\/page"}],"author":[{"embeddable":true,"href":"https:\/\/pts.org.pl\/en\/wp-json\/wp\/v2\/users\/7"}],"replies":[{"embeddable":true,"href":"https:\/\/pts.org.pl\/en\/wp-json\/wp\/v2\/comments?post=185"}],"version-history":[{"count":24,"href":"https:\/\/pts.org.pl\/en\/wp-json\/wp\/v2\/pages\/185\/revisions"}],"predecessor-version":[{"id":7510,"href":"https:\/\/pts.org.pl\/en\/wp-json\/wp\/v2\/pages\/185\/revisions\/7510"}],"up":[{"embeddable":true,"href":"https:\/\/pts.org.pl\/en\/wp-json\/wp\/v2\/pages\/15"}],"wp:attachment":[{"href":"https:\/\/pts.org.pl\/en\/wp-json\/wp\/v2\/media?parent=185"}],"curies":[{"name":"wp","href":"https:\/\/api.w.org\/{rel}","templated":true}]}}