{"id":162,"date":"2016-03-30T13:47:30","date_gmt":"2016-03-30T13:47:30","guid":{"rendered":"http:\/\/www.pts.org.pl\/?page_id=162"},"modified":"2023-07-26T15:47:31","modified_gmt":"2023-07-26T15:47:31","slug":"sekcja-antropologii-spolecznej","status":"publish","type":"page","link":"https:\/\/pts.org.pl\/en\/sekcje\/sekcja-antropologii-spolecznej\/","title":{"rendered":"(Polski) Sekcja Antropologii Spo\u0142ecznej"},"content":{"rendered":"<div class=\"fcbkbttn_buttons_block\" id=\"fcbkbttn_left\"><div class=\"fcbkbttn_button\">\n                            <a href=\"https:\/\/www.facebook.com\/\" target=\"_blank\">\n                                <img src=\"https:\/\/pts.org.pl\/wp-content\/plugins\/facebook-button-plugin\/images\/standard-facebook-ico.png\" alt=\"Fb-Button\" \/>\n                            <\/a>\n                        <\/div><div class=\"fcbkbttn_like \"><fb:like href=\"https:\/\/pts.org.pl\/en\/sekcje\/sekcja-antropologii-spolecznej\/\" action=\"like\" colorscheme=\"light\" layout=\"button_count\"  size=\"small\"><\/fb:like><\/div><\/div><p><\/p>\n<p><strong>SAS PTS Blog: <\/strong><a href=\"http:\/\/antropologiasekcja.blogspot.com\">http:\/\/antropologiasekcja.blogspot.com<\/a><\/p>\n<p><strong>&nbsp;<\/strong><\/p>\n<p><strong>Social Anthropology Section <\/strong>(SAS PTS) brings together researchers from sociological and ethnological milieu. It has been founded in 1990 following the initiative of Marian Kempny (who has become its first chair) and Zdzis\u0142aw Mach. From the inception, in its activities the Section relies both on the formal members as well as on a wide informal network of sympathizers.&nbsp; Apart from Marian Kempny, the Section had the following chairs: Ewa Nowicka-Rusek (1995-1998), Gra\u017cyna Woroniecka (2006-2011) and Dorota Rancew-Sikora (from 2011). Several Section members were particularly active and contributed their talents and energies to make the Section strive: Aldona Jaw\u0142owska, El\u017cbieta Tarkowska, S\u0142awomir \u0141odzi\u0144ski, Pawe\u0142 Za\u0142\u0119cki, Janusz Mucha, Barbara Fatyga and Gra\u017cyna Kubica. Apart from academic activities, the Secretary of the Section Pawe\u0142 Za\u0142\u0119cki&nbsp;<strong><a href=\"mailto:(zalecki@post.pl)\">(zalecki@post.pl)<\/a><\/strong> has taken on responsibilities of managing communication with the Section members and sympathizers. Beside him and Dorota Rancew-Sikora, the Board of the Section in 2018-2021 includes Ewa Michna, Magdalena \u0141ukasiuk and Anna Horolets.<\/p>\n<p>Starting from 1991, annual symposia have become a caringly nurtured tradition of the Section. Symposia usually take place in September and are followed by the publications of books or journals\u2019 themed issues, whenever possible. The symposia\u2019s formula particularly welcomes researchers at the early stages of their academic career by reducing fees and other costs of participation as much as it can. Horizontal relations among Section\u2019s members are promoted, which is reflected \u2013 among other things \u2013 in the informal way of addressing each other, in contrast to a more hierarchical norm accepted Polish academy. Starting from 2016 the Social Anthropology Section has launched Polish Sociological Association Award for Best Research in Social Anthropology.<\/p>\n<p>The full list of the Section\u2019s symposia, the ensuing publications as well as the award winners can be found on the Polish version of the Section\u2019s site &lt;<a href=\"https:\/\/pts.org.pl\/sekcje\/sekcja-antropologii-spolecznej\/\">link<\/a>&gt;.<\/p>","protected":false},"excerpt":{"rendered":"<p>SAS PTS Blog: http:\/\/antropologiasekcja.blogspot.com &nbsp; Social Anthropology Section (SAS PTS) brings together researchers from sociological and ethnological milieu. It has been founded in 1990 following the initiative of Marian Kempny (who has become its first chair) and Zdzis\u0142aw Mach. From the inception, in its activities the Section relies both on the formal members as well [&hellip;]<\/p>\n","protected":false},"author":7,"featured_media":163,"parent":15,"menu_order":0,"comment_status":"closed","ping_status":"closed","template":"page-sas.php","meta":[],"_links":{"self":[{"href":"https:\/\/pts.org.pl\/en\/wp-json\/wp\/v2\/pages\/162"}],"collection":[{"href":"https:\/\/pts.org.pl\/en\/wp-json\/wp\/v2\/pages"}],"about":[{"href":"https:\/\/pts.org.pl\/en\/wp-json\/wp\/v2\/types\/page"}],"author":[{"embeddable":true,"href":"https:\/\/pts.org.pl\/en\/wp-json\/wp\/v2\/users\/7"}],"replies":[{"embeddable":true,"href":"https:\/\/pts.org.pl\/en\/wp-json\/wp\/v2\/comments?post=162"}],"version-history":[{"count":25,"href":"https:\/\/pts.org.pl\/en\/wp-json\/wp\/v2\/pages\/162\/revisions"}],"predecessor-version":[{"id":6673,"href":"https:\/\/pts.org.pl\/en\/wp-json\/wp\/v2\/pages\/162\/revisions\/6673"}],"up":[{"embeddable":true,"href":"https:\/\/pts.org.pl\/en\/wp-json\/wp\/v2\/pages\/15"}],"wp:featuredmedia":[{"embeddable":true,"href":"https:\/\/pts.org.pl\/en\/wp-json\/wp\/v2\/media\/163"}],"wp:attachment":[{"href":"https:\/\/pts.org.pl\/en\/wp-json\/wp\/v2\/media?parent=162"}],"curies":[{"name":"wp","href":"https:\/\/api.w.org\/{rel}","templated":true}]}}