{"id":159,"date":"2016-03-30T11:30:36","date_gmt":"2016-03-30T11:30:36","guid":{"rendered":"http:\/\/www.pts.org.pl\/?page_id=159"},"modified":"2025-10-13T08:31:12","modified_gmt":"2025-10-13T08:31:12","slug":"sekcja-socjologii-mlodziezy-i-ed","status":"publish","type":"page","link":"https:\/\/pts.org.pl\/en\/sekcje\/sekcja-socjologii-mlodziezy-i-ed\/","title":{"rendered":"Section of Sociology of Youth"},"content":{"rendered":"<div class=\"fcbkbttn_buttons_block\" id=\"fcbkbttn_left\"><div class=\"fcbkbttn_button\">\n                            <a href=\"https:\/\/www.facebook.com\/\" target=\"_blank\">\n                                <img src=\"https:\/\/pts.org.pl\/wp-content\/plugins\/facebook-button-plugin\/images\/standard-facebook-ico.png\" alt=\"Fb-Button\" \/>\n                            <\/a>\n                        <\/div><div class=\"fcbkbttn_like \"><fb:like href=\"https:\/\/pts.org.pl\/en\/sekcje\/sekcja-socjologii-mlodziezy-i-ed\/\" action=\"like\" colorscheme=\"light\" layout=\"button_count\"  size=\"small\"><\/fb:like><\/div><\/div><p><span lang=\"EN-US\">The Board of section: election in 2012 Maria Zieli\u0144ska &#8211; chair., Ewa Narkiewicz-Niedbalec &#8211; vice \u2013 chair., Marcin Si\u0144czuch \u2013 secretary, Piotr Mikiewicz \u2013 member of the board. Correspondence Adress:\u2028 dr hab. Maria Zieli\u0144ska, Uniwersytet Zielonog\u00f3rski Wydzia\u0142 Pedagogiki, Socjologii i Nauk o Zdrowiu, Instytut Socjologii, ul. Licealna 9, 65-417 Zielona G\u00f3ra Polska; <\/span><span lang=\"EN-GB\">e-mail:\u00a0 <\/span><span lang=\"EN-GB\"><a href=\"mailto:M.Zielinska@is.uz.zgora.pl\">M.Zielinska@is.uz.zgora.pl<\/a><\/span><span lang=\"EN-GB\">;<\/span><span lang=\"EN-GB\"> t<\/span><span lang=\"EN-US\">el.\/fax: +48 68 328-31-10 <\/span><span lang=\"EN-US\">;<\/span><\/p>\n<p><span lang=\"EN-GB\">\u00a0<\/span><\/p>\n<p><span lang=\"EN-US\">The section activities are focused on the sociology of youth and education with special emphasis on following issues: youth in modern society, generation&#8217;s formation, youth and social structure, transitions in youth, youth culture and leisure time, youth employment, youth and social problems, youth in communication networks, young people mobility and migration, education and social structure, education and social capital distribution, educational careers in youth, comparative educational studies and other. <\/span><span lang=\"EN-US\">The s<\/span><span lang=\"EN-US\">ection organizes conferences and prepares publication considering sociological youth studies and research. Section consists of more than 100 members.<\/span><\/p>\n<p><span lang=\"EN-GB\">\u00a0<\/span><\/p>","protected":false},"excerpt":{"rendered":"<p>The Board of section: election in 2012 Maria Zieli\u0144ska &#8211; chair., Ewa Narkiewicz-Niedbalec &#8211; vice \u2013 chair., Marcin Si\u0144czuch \u2013 secretary, Piotr Mikiewicz \u2013 member of the board. Correspondence Adress:\u2028 dr hab. Maria Zieli\u0144ska, Uniwersytet Zielonog\u00f3rski Wydzia\u0142 Pedagogiki, Socjologii i Nauk o Zdrowiu, Instytut Socjologii, ul. Licealna 9, 65-417 Zielona G\u00f3ra Polska; e-mail:\u00a0 M.Zielinska@is.uz.zgora.pl; tel.\/fax: [&hellip;]<\/p>\n","protected":false},"author":7,"featured_media":0,"parent":15,"menu_order":0,"comment_status":"closed","ping_status":"closed","template":"page-ssmie.php","meta":[],"_links":{"self":[{"href":"https:\/\/pts.org.pl\/en\/wp-json\/wp\/v2\/pages\/159"}],"collection":[{"href":"https:\/\/pts.org.pl\/en\/wp-json\/wp\/v2\/pages"}],"about":[{"href":"https:\/\/pts.org.pl\/en\/wp-json\/wp\/v2\/types\/page"}],"author":[{"embeddable":true,"href":"https:\/\/pts.org.pl\/en\/wp-json\/wp\/v2\/users\/7"}],"replies":[{"embeddable":true,"href":"https:\/\/pts.org.pl\/en\/wp-json\/wp\/v2\/comments?post=159"}],"version-history":[{"count":30,"href":"https:\/\/pts.org.pl\/en\/wp-json\/wp\/v2\/pages\/159\/revisions"}],"predecessor-version":[{"id":7707,"href":"https:\/\/pts.org.pl\/en\/wp-json\/wp\/v2\/pages\/159\/revisions\/7707"}],"up":[{"embeddable":true,"href":"https:\/\/pts.org.pl\/en\/wp-json\/wp\/v2\/pages\/15"}],"wp:attachment":[{"href":"https:\/\/pts.org.pl\/en\/wp-json\/wp\/v2\/media?parent=159"}],"curies":[{"name":"wp","href":"https:\/\/api.w.org\/{rel}","templated":true}]}}