{"id":125,"date":"2016-03-30T11:20:26","date_gmt":"2016-03-30T11:20:26","guid":{"rendered":"http:\/\/www.pts.org.pl\/?page_id=125"},"modified":"2025-03-31T19:01:23","modified_gmt":"2025-03-31T19:01:23","slug":"sekcja-socjologii-religii","status":"publish","type":"page","link":"https:\/\/pts.org.pl\/en\/sekcje\/sekcja-socjologii-religii\/","title":{"rendered":"Section of Sociology of Religion"},"content":{"rendered":"<div class=\"fcbkbttn_buttons_block\" id=\"fcbkbttn_left\"><div class=\"fcbkbttn_button\">\n                            <a href=\"https:\/\/www.facebook.com\/\" target=\"_blank\">\n                                <img src=\"https:\/\/pts.org.pl\/wp-content\/plugins\/facebook-button-plugin\/images\/standard-facebook-ico.png\" alt=\"Fb-Button\" \/>\n                            <\/a>\n                        <\/div><div class=\"fcbkbttn_like \"><fb:like href=\"https:\/\/pts.org.pl\/en\/sekcje\/sekcja-socjologii-religii\/\" action=\"like\" colorscheme=\"light\" layout=\"button_count\"  size=\"small\"><\/fb:like><\/div><\/div><p><strong>The Section of Sociology of Religion <\/strong>was founded on the <strong>10<sup>th<\/sup> December 1987<\/strong> at the initiative of W\u0142adys\u0142aw Piwowarski and Edward Ciupak, two deceased nestors of Polish post-war sociology, after creating the organizational conditions of a founding meeting in O\u0142tarzewo by Witold Zdaniewicz. Apart from \u201cthe founding fathers\u201d, the section has developed to the largest extent owing to Maria Libiszowska-\u017b\u00f3\u0142tkowska, Janusz Maria\u0144ski and Andrzej W\u00f3jtowicz and their many years of selfless work for the section.<\/p>\n<p>Ever since the beginning, the main axis of the section\u2019s activity has been the integration of sociologists dealing with religion through annual conferences, published books and provided information. Conferences constitute an excellent forum for the exchange of experience pertaining to our current interests, national and international projects in which we participate and the activity in international associations gathering researchers into religion, such as the International Society for Sociology of Religion (ISSR) or the International Study of Religion in Eastern and Central Europe Association (ISORECEA).<\/p>\n<p>Over the recent years, the number of members registered in 14 regional branches has oscillated near 130. What emerges from the conference meetings and publications is the following profile of the dominating research interests: religiousness of the Polish society; its dimensions, such as morality, practices, faith of the whole society and particular groups (youth, rural and urban population, teachers, entrepreneurs, etc.); religious minorities and new movements; transformations of religious institutions; interrelations of religion with group and individual identity, ethnicity, gender; presence of religion in the public sphere. In the last years, the issues of the so called new spirituality have been included into this scope as well.<\/p>\n<p><u>Current members of the Section Board (2019-2022)<\/u><\/p>\n<p><strong>Andrzej Kasperek, Ph.D. hab. prof. U\u015a (University of Silesia in Katowice)<\/strong>\u00a0\u2013 chairman<\/p>\n<p><strong>Marta Ko\u0142odziejska, Ph.D. (Polish Academy of Sciences)<\/strong>\u00a0\u2013 vice-chairman<\/p>\n<p><strong>S\u0142awomir Mandes, Ph.D. hab. <\/strong><strong>(University of Warsaw)<\/strong>\u00a0\u2013 secretary<\/p>\n<p>Contact address:<\/p>\n<p>dr hab. Andrzej Kasperek, prof. U\u015a, Wydzia\u0142 Sztuki i Nauk o Edukacji, 43-400 Cieszyn, ul. Bielska 62, pok\u00f3j nr 260; email: <a href=\"https:\/\/poczta.wp.pl\/k\/\">andrzej.kasperek@us.edu.pl<\/a><\/p>","protected":false},"excerpt":{"rendered":"<p>The Section of Sociology of Religion was founded on the 10th December 1987 at the initiative of W\u0142adys\u0142aw Piwowarski and Edward Ciupak, two deceased nestors of Polish post-war sociology, after creating the organizational conditions of a founding meeting in O\u0142tarzewo by Witold Zdaniewicz. Apart from \u201cthe founding fathers\u201d, the section has developed to the largest [&hellip;]<\/p>\n","protected":false},"author":7,"featured_media":0,"parent":15,"menu_order":0,"comment_status":"closed","ping_status":"closed","template":"page-ssr.php","meta":[],"_links":{"self":[{"href":"https:\/\/pts.org.pl\/en\/wp-json\/wp\/v2\/pages\/125"}],"collection":[{"href":"https:\/\/pts.org.pl\/en\/wp-json\/wp\/v2\/pages"}],"about":[{"href":"https:\/\/pts.org.pl\/en\/wp-json\/wp\/v2\/types\/page"}],"author":[{"embeddable":true,"href":"https:\/\/pts.org.pl\/en\/wp-json\/wp\/v2\/users\/7"}],"replies":[{"embeddable":true,"href":"https:\/\/pts.org.pl\/en\/wp-json\/wp\/v2\/comments?post=125"}],"version-history":[{"count":35,"href":"https:\/\/pts.org.pl\/en\/wp-json\/wp\/v2\/pages\/125\/revisions"}],"predecessor-version":[{"id":7567,"href":"https:\/\/pts.org.pl\/en\/wp-json\/wp\/v2\/pages\/125\/revisions\/7567"}],"up":[{"embeddable":true,"href":"https:\/\/pts.org.pl\/en\/wp-json\/wp\/v2\/pages\/15"}],"wp:attachment":[{"href":"https:\/\/pts.org.pl\/en\/wp-json\/wp\/v2\/media?parent=125"}],"curies":[{"name":"wp","href":"https:\/\/api.w.org\/{rel}","templated":true}]}}