{"id":122,"date":"2016-03-30T11:00:51","date_gmt":"2016-03-30T11:00:51","guid":{"rendered":"http:\/\/www.pts.org.pl\/?page_id=122"},"modified":"2025-10-27T08:42:25","modified_gmt":"2025-10-27T08:42:25","slug":"sekcja-socjologii-wsi-i-rolnictwa","status":"publish","type":"page","link":"https:\/\/pts.org.pl\/en\/sekcje\/sekcja-socjologii-wsi-i-rolnictwa\/","title":{"rendered":"Section of Rural Sociology and Agriculture"},"content":{"rendered":"<div class=\"fcbkbttn_buttons_block\" id=\"fcbkbttn_left\"><div class=\"fcbkbttn_button\">\n                            <a href=\"https:\/\/www.facebook.com\/\" target=\"_blank\">\n                                <img src=\"https:\/\/pts.org.pl\/wp-content\/plugins\/facebook-button-plugin\/images\/standard-facebook-ico.png\" alt=\"Fb-Button\" \/>\n                            <\/a>\n                        <\/div><div class=\"fcbkbttn_like \"><fb:like href=\"https:\/\/pts.org.pl\/en\/sekcje\/sekcja-socjologii-wsi-i-rolnictwa\/\" action=\"like\" colorscheme=\"light\" layout=\"button_count\"  size=\"small\"><\/fb:like><\/div><\/div><p><b><strong style=\"font-style: inherit;\"><span style=\"font-weight: inherit; font-style: inherit;\">The Section on Rural and Agriculture Sociology<\/span><\/strong><\/b><span style=\"font-weight: inherit; font-style: inherit;\"> is one of the oldest sections of the Polish Sociological Association, with currently 85 members. There are two purposes of the section: first, to organize scientific conferences on rural sociology, and second, publishing. The Section is involved in publishing <i><em style=\"font-weight: inherit;\">Roczniki Socjologii Wsi<\/em><\/i>, [Rural Sociology Annuals] one of the oldest sociological reviews in Poland and worldwide, founded in the\u00a0 30ies by W\u0142adys\u0142aw Grabski. The Section Chair is <i><em style=\"font-weight: inherit;\">ex officio<\/em><\/i> member of the editorial board.<\/span><\/p>\n<p><span style=\"font-weight: inherit; font-style: inherit;\">The Section organizes scientific conferences, sometimes in cooperation with external partners. The last one took place on February 26<sup style=\"font-weight: inherit; font-style: inherit;\">th<\/sup>, 2010. Its output was published in a book <i><em style=\"font-weight: inherit;\">Nowe inspiracje socjologii wsi<\/em><\/i>, [New Inspirations of Rural Sociology] edited by Hanna Podedworna, [Warszawa: Scholar<span style=\"font-weight: inherit; font-style: inherit;\">\u00a0 <\/span>2011].<\/span><\/p>\n<p><span style=\"font-weight: inherit; font-style: inherit;\">During XIV Congress of Polish Sociology in Cracow the Section organized thematic group nr 20 \u201cRural Areas in Poland: Diversity and Processes of Diversification\u201d. Papers given during this session will be published in a book of the same title, edited by Hanna Podedworna and Andrzej Pilichowski<span style=\"font-weight: inherit; font-style: inherit;\">\u00a0 <\/span>at the end of 2011.<\/span><\/p>\n<p><span style=\"font-weight: inherit; font-style: inherit;\">The next conference will be organized by Section together with the Chair of Sociology of Warsaw University of Life Sciences in 2012.<\/span><\/p>\n<p><span style=\"font-weight: inherit; font-style: inherit;\">Section\u2019s Executive Board 2010-2013:<\/span><\/p>\n<p><span style=\"font-weight: inherit; font-style: inherit;\">Hanna Podedworna (Faculty of Humanities, Warsaw University of Life Sciences) \u2013 President,<\/span><\/p>\n<p><span style=\"font-weight: inherit; font-style: inherit;\">Piotr Nowak (Institute of Sociology, Jagiellonian University, Cracow)\u2013 Vice-President,<\/span><\/p>\n<p><span style=\"font-weight: inherit; font-style: inherit;\">Pawe\u0142 Starosta (Institute of Sociology, University of \u0141\u00f3d\u017a) \u2013 Member of the Board<\/span><\/p>\n<p><\/p>","protected":false},"excerpt":{"rendered":"<p>The Section on Rural and Agriculture Sociology is one of the oldest sections of the Polish Sociological Association, with currently 85 members. There are two purposes of the section: first, to organize scientific conferences on rural sociology, and second, publishing. The Section is involved in publishing Roczniki Socjologii Wsi, [Rural Sociology Annuals] one of the [&hellip;]<\/p>\n","protected":false},"author":7,"featured_media":0,"parent":15,"menu_order":0,"comment_status":"closed","ping_status":"closed","template":"page-sswir.php","meta":[],"_links":{"self":[{"href":"https:\/\/pts.org.pl\/en\/wp-json\/wp\/v2\/pages\/122"}],"collection":[{"href":"https:\/\/pts.org.pl\/en\/wp-json\/wp\/v2\/pages"}],"about":[{"href":"https:\/\/pts.org.pl\/en\/wp-json\/wp\/v2\/types\/page"}],"author":[{"embeddable":true,"href":"https:\/\/pts.org.pl\/en\/wp-json\/wp\/v2\/users\/7"}],"replies":[{"embeddable":true,"href":"https:\/\/pts.org.pl\/en\/wp-json\/wp\/v2\/comments?post=122"}],"version-history":[{"count":13,"href":"https:\/\/pts.org.pl\/en\/wp-json\/wp\/v2\/pages\/122\/revisions"}],"predecessor-version":[{"id":7746,"href":"https:\/\/pts.org.pl\/en\/wp-json\/wp\/v2\/pages\/122\/revisions\/7746"}],"up":[{"embeddable":true,"href":"https:\/\/pts.org.pl\/en\/wp-json\/wp\/v2\/pages\/15"}],"wp:attachment":[{"href":"https:\/\/pts.org.pl\/en\/wp-json\/wp\/v2\/media?parent=122"}],"curies":[{"name":"wp","href":"https:\/\/api.w.org\/{rel}","templated":true}]}}